{"id":8756,"date":"2026-03-29T15:10:00","date_gmt":"2026-03-29T08:10:00","guid":{"rendered":"https:\/\/english0905.com\/privateshop\/?post_type=product&#038;p=8756"},"modified":"2026-03-29T15:10:03","modified_gmt":"2026-03-29T08:10:03","slug":"x-get-ready-for-ielts-classroom-presentation-tool-hand-made-audio-pdf","status":"publish","type":"product","link":"https:\/\/english0905.com\/privateshop\/product\/x-get-ready-for-ielts-classroom-presentation-tool-hand-made-audio-pdf\/","title":{"rendered":"x. Get Ready for IELTS &#8211; Classroom presentation tool (hand-made) + audio+ PDF"},"content":{"rendered":"<p><strong>Get Ready for IELTS<\/strong> l\u00e0 b\u1ed9 t\u00e0i li\u1ec7u \u0111\u1eb7c bi\u1ec7t d\u00e0nh cho cho c\u1ea3 ng\u01b0\u1eddi b\u1eaft \u0111\u1ea7u v\u00e0 ng\u01b0\u1eddi m\u1ea5t g\u1ed1c h\u1ecdc IELTS, B\u1ed9 s\u00e1ch bao g\u1ed3m c\u1ea3 4 k\u1ef9 n\u0103ng gi\u00fap b\u1ea1n c\u00f3 th\u1ec3 c\u1ea3i thi\u1ec7n v\u00e0 th\u1ef1c h\u00e0nh tr\u1ef1c ti\u1ebfp, B\u00f4 s\u00e1ch s\u1ebd gi\u00fap b\u1ea1n ti\u1ebfp c\u1eadn IELTS m\u1ed9t c\u00e1ch t\u1ed1t nh\u1ea5t, gi\u00fap b\u1ea1n bi\u1ebft \u0111\u01b0\u1ee3c b\u00e0i thi IELTS nh\u01b0 th\u1ebf n\u00e0o c\u0169ng nh\u01b0 c\u00e1c d\u1ea1ng \u0111\u1ec1 thi v\u00e0 c\u00e2u h\u1ecfi ra sao\u2026 S\u00e1ch \u0111\u01b0\u1ee3c thi\u1ebft k\u1ebf d\u00f9ng cho c\u00e1c h\u1ecdc vi\u00ean c\u00f3 tr\u00ecnh \u0111\u1ed9 t\u1eeb 0-3.0 nh\u01b0ng n\u1ebfu b\u1ea1n \u0111\u00e3 c\u00f3 n\u1ec1n t\u1ea3ng ti\u1ebfng Anh c\u01a1 b\u1ea3n s\u1ebd t\u1ed1t h\u01a1n v\u00ec b\u1ed9 s\u00e1ch n\u00e0y \u0111\u01b0\u1ee3c vi\u1ebft 100% b\u1eb1ng ti\u1ebfng Anh.<\/p>\n<p>&nbsp;<\/p>\n<h2><span id=\"GET_READY_FOR_IELTS_SE_CHO_BAN_NHUNG_GI\" class=\"ez-toc-section\"><\/span><strong>GET READY FOR IELTS S\u1ebc CHO B\u1ea0N NH\u1eeeNG G\u00cc?<\/strong><\/h2>\n<p>C\u00f3 m\u1ed9t \u0111i\u1ec3m \u0111\u1eb7c bi\u1ec7t c\u1ee7a b\u1ed9 s\u00e1ch \u0111\u00f3 l\u00e0, c\u1ea3 4 cu\u1ed1n s\u00e1ch \u0111\u1ec1 \u0111\u01b0\u1ee3c vi\u1ebft theo m\u1ed9t format gi\u1ed1ng nhau, 4 k\u1ef9 n\u0103ng trong b\u00e0i thi IELTS l\u00e0 Nghe \u2013 N\u00f3i \u2013 \u0110\u1ecdc \u2013 Vi\u1ebft \u0111\u01b0\u1ee3c ph\u00e2n chia chi ti\u1ebft v\u00e0 c\u1ee5 th\u1ec3.<\/p>\n<p>\u27a4 M\u1ed7i cu\u1ed1n trong b\u1ed9 s\u00e1ch s\u1ebd cung c\u1ea5p cho b\u1ea1n 12 units ph\u00e2n lo\u1ea1i k\u1ef9 c\u00e0ng v\u00e0 t\u1ec9 m\u1ec9, Nh\u1eefng ki\u1ebfn th\u1ee9c tr\u00ean \u0111\u01b0\u1ee3c thi\u1ebft k\u1ebf d\u1ec5 hi\u1ec3u, t\u1eeb tr\u00ecnh \u0111\u1ed9 c\u01a1 b\u1ea3n \u0111\u1ebfn trung c\u1ea5p, gi\u00fap cho b\u1ea1n c\u00f3 th\u1ec3 d\u1ec5 d\u00e0ng ti\u1ebfp c\u1eadn v\u1edbi m\u1ecdi tr\u00ecnh \u0111\u1ed9.<\/p>\n<p>\u27a4 C\u00f3 r\u1ea5t nhi\u1ec1u ki\u1ebfn th\u1ee9c ng\u1eef ph\u00e1p v\u00e0 t\u1eeb v\u1ef1ng then ch\u1ed1t \u0111\u01b0\u1ee3c t\u1eafc gi\u1ea3 thi\u00eat k\u1ebf trong s\u00e1ch. H\u1ecdc theo b\u00e0i h\u1ecdc trong t\u1eebng cu\u1ed1n, b\u1ea1n s\u1ebd c\u00f3 \u0111\u01b0\u1ee3c l\u01b0\u1ee3ng ki\u1ebfn th\u1ee9c r\u1ed3i r\u00e0o d\u00e0nh cho b\u1ea1n th\u00e2n c\u0169ng nh\u01b0 qu\u00e1 tr\u00ecnh h\u1ecdc \u0111\u01b0\u1ee3c ph\u00e2n t\u00edch t\u1ec9 m\u1ec9 v\u00e0 chi ti\u1ebft.<\/p>\n<p>\u27a4 H\u01a1n th\u1ebf n\u1eefa, s\u00e1ch c\u00f2n c\u00f3 gi\u1ea3i chi ti\u1ebft, v\u00e0 cung c\u1ea5p nh\u1eefng m\u1eb9o, tips, skills nh\u1eb1m gi\u00fap b\u1ea1n l\u00e0m b\u00e0i nhanh v\u1edbi c\u00e1c d\u1ea1ng b\u00e0i th\u01b0\u1ee1ng xuy\u00ean g\u1eb7p trong b\u00e0i thi, \u0111\u00e2y ch\u00ednh l\u00e0 m\u1ed9t ph\u1ea7n quan tr\u1ecdng \u0111\u1ec3 b\u1ea1n c\u00f3 th\u1ec3 gi\u1ea3m th\u1eddi gian, c\u0169ng nh\u01b0 \u0111\u1ea1t \u0111\u01b0\u1ee3c \u0111i\u1ec3m cao trong k\u1ef3 thi IELTS.<\/p>\n","protected":false},"excerpt":{"rendered":"<p><em><\/em><em> B\u1ea3n n\u00e0y l\u00e0 Hand- made itools.<\/em><\/p>\n<p>&#8212;&#8212;&#8212;&#8212;<br \/>\n<strong>Product&#8217;s name<\/strong>: Get Ready for IELTS &#8211; Classrom presentation tool (hand-made) + audio+ PDF<br \/>\n<strong>Publisher<\/strong>: Collins<br \/>\n<strong>Product type: <\/strong>Software for teaching.<br \/>\n<strong>Target audience<\/strong>: Academic<br \/>\n<strong>CEFR:<\/strong> A2+<br \/>\n<strong>English Type:<\/strong>\u00a0British English<br \/>\n&#8212;&#8212;&#8212;&#8211;<\/p>\n<div class=\"product-single__description-title h5\">Description<\/div>\n<div class=\"product-single__description-excerpt\">\n<div id=\"hc-product-description\">\n<p>A lower-level exam practice book designed to improve the level of students who plan to take the IELTS test in the future.<\/p>\n<p><strong>CLASSROOM\u00a0PRESENTATION\u00a0TOOL<\/strong><\/p>\n<p>Bring together digital versions of all core instructional materials, including Student&#8217;s Book, video, audio, and answer key, to present and demonstrate new language and skills, create opportunities for practice, and manage classroom activities.<\/p>\n<\/div>\n<\/div>\n<p>&#8212;&#8212;&#8212;-<br \/>\nContact us for any question:<\/p>\n<p>Email: hino09051986@gmail.com<br \/>\nTelegram: hino0905<\/p>\n<p>&nbsp;<\/p>\n<p>&nbsp;<\/p>\n","protected":false},"featured_media":8766,"comment_status":"open","ping_status":"closed","template":"","meta":[],"product_brand":[],"product_cat":[169,179,180],"product_tag":[],"class_list":{"0":"post-8756","1":"product","2":"type-product","3":"status-publish","4":"has-post-thumbnail","6":"product_cat-academic-skills","7":"product_cat-collins","8":"product_cat-ielts","10":"first","11":"instock","12":"sold-individually","13":"shipping-taxable","14":"purchasable","15":"product-type-variable"},"_links":{"self":[{"href":"https:\/\/english0905.com\/privateshop\/wp-json\/wp\/v2\/product\/8756","targetHints":{"allow":["GET"]}}],"collection":[{"href":"https:\/\/english0905.com\/privateshop\/wp-json\/wp\/v2\/product"}],"about":[{"href":"https:\/\/english0905.com\/privateshop\/wp-json\/wp\/v2\/types\/product"}],"replies":[{"embeddable":true,"href":"https:\/\/english0905.com\/privateshop\/wp-json\/wp\/v2\/comments?post=8756"}],"wp:featuredmedia":[{"embeddable":true,"href":"https:\/\/english0905.com\/privateshop\/wp-json\/wp\/v2\/media\/8766"}],"wp:attachment":[{"href":"https:\/\/english0905.com\/privateshop\/wp-json\/wp\/v2\/media?parent=8756"}],"wp:term":[{"taxonomy":"product_brand","embeddable":true,"href":"https:\/\/english0905.com\/privateshop\/wp-json\/wp\/v2\/product_brand?post=8756"},{"taxonomy":"product_cat","embeddable":true,"href":"https:\/\/english0905.com\/privateshop\/wp-json\/wp\/v2\/product_cat?post=8756"},{"taxonomy":"product_tag","embeddable":true,"href":"https:\/\/english0905.com\/privateshop\/wp-json\/wp\/v2\/product_tag?post=8756"}],"curies":[{"name":"wp","href":"https:\/\/api.w.org\/{rel}","templated":true}]}}