{"id":8512,"date":"2026-03-29T15:08:45","date_gmt":"2026-03-29T08:08:45","guid":{"rendered":"https:\/\/english0905.com\/privateshop\/?post_type=product&#038;p=8512"},"modified":"2026-03-29T15:08:57","modified_gmt":"2026-03-29T08:08:57","slug":"kids-box-2nd-updated-for-macos-ame-presentation-plusresources","status":"publish","type":"product","link":"https:\/\/english0905.com\/privateshop\/product\/kids-box-2nd-updated-for-macos-ame-presentation-plusresources\/","title":{"rendered":"Kid&#8217;s Box 2nd Updated (For MacOS) (AmE) Presentation Plus+Resources"},"content":{"rendered":"<h2>Download Kid&#8217;s Box 2nd Updated (For MacOS) (AmE) Presentation Plus+Resources<\/h2>\n<p>An update of the well-loved general English course for young learners &#8211; now fully in line with the revised\u00a0<em>Cambridge English: Young Learners<\/em>\u00a0tests offering an official test preparation.<\/p>\n<p><strong>Presentation Plus <\/strong>\u00a0is classroom presentation software that can be used with an <strong><em>interactive whiteboard<\/em><\/strong> or with a <strong><em>computer and a projector<\/em><\/strong>. It allows teachers to display the pages and conduct interactive activities from the Student&#8217;s Book. It is also possible to present the Workbook, play Class Audio and the Video Program, display scripts and answer keys, play classroom games, and print out the Teacher&#8217;s Edition pages, Video Resource Book activities and teaching notes. In addition, the tools in Presentation Plus allow teachers to zoom in, make notes on pages, and add custom links to other material.<\/p>\n<p>&#8212;&#8212;&#8212;-<br \/>\nContact us for any question:<\/p>\n<p>Email: hino09051986@gmail.com<br \/>\nTelegram: hino0905<\/p>\n<p class=\"p1\"><span style=\"color: #008000;\"><b>Compatible<\/b><\/span> : macOS |<span class=\"s1\">Details: <a href=\"https:\/\/english0905.com\/private\/help\/macos-and-compatibility-issues\/\"><span class=\"s2\">https:\/\/english0905.com\/private\/help\/macos-and-compatibility-issues\/<\/span><\/a><\/span><\/p>\n<p>&#8212;&#8212;<\/p>\n<h1><\/h1>\n<h1>GI\u1edaI THI\u1ec6U GI\u00c1O TR\u00ccNH TI\u1ebeNG ANH TR\u1eba EM KID&#8217;S BOX<\/h1>\n<p>&nbsp;<\/p>\n<div>B\u1ed9 gi\u00e1o tr\u00ecnh\u00a0ti\u1ebfng Anh tr\u1ebb em\u00a0Kid\u2019s Box bao g\u1ed3m 6 cu\u1ed1n \u0111\u01b0\u1ee3c nh\u00e0 xu\u1ea5t b\u1ea3n \u0110\u1ea1i h\u1ecdc Cambridge bi\u00ean so\u1ea1n. B\u1ed9 s\u00e1ch n\u00e0y \u0111\u01b0\u1ee3c thi\u1ebft k\u1ebf \u0111\u1eb7c bi\u1ec7t nh\u1eb1m truy\u1ec1n c\u1ea3m h\u1ee9ng s\u00e1ng t\u1ea1o cho c\u1ea3 h\u1ecdc sinh v\u00e0 gi\u00e1o vi\u00ean trong vi\u1ec7c d\u1ea1y v\u00e0\u00a0h\u1ecdc ti\u1ebfng Anh cho tr\u1ebb em.<\/div>\n<div><\/div>\n<div><\/div>\n<div>\n<figure style=\"width: 583px\" class=\"wp-caption aligncenter\"><img loading=\"lazy\" decoding=\"async\" src=\"http:\/\/yes.edu.vn\/images\/anh-bai-viet\/Gi%e1%bb%9bi%20thi%e1%bb%87u%20gi%c3%a1o%20tr%c3%acnh%20ti%e1%ba%bfng%20Anh%20tr%e1%ba%bb%20em%20Kid&#039;s%20Box.jpg\" alt=\"Kid&#039;s Box 2nd Updated (For MacOS) (AmE) Presentation Plus+Resources\" width=\"583\" height=\"345\" title=\"\"><figcaption class=\"wp-caption-text\">Kid&#8217;s Box 2nd Updated (For MacOS) (AmE) Presentation Plus+Resources<\/figcaption><\/figure>\n<\/div>\n<div><\/div>\n<div><strong>B\u1ed9 Gi\u00e1o tr\u00ecnh\u00a0ti\u1ebfng Anh tr\u1ebb em\u00a0Kid&#8217;s Box 2nd Updated phi\u00ean b\u1ea3n American English<\/strong><\/div>\n<div>\n<div><strong>T\u00e1c gi\u1ea3: Caroline Nixon v\u00e0 Michael Tomlinson<\/strong><\/div>\n<div><strong>Nh\u00e0 xu\u1ea5t b\u1ea3n: Cambridge University Press, Anh<\/strong><\/div>\n<div><\/div>\n<div><\/div>\n<\/div>\n<div>Kid&#8217;s Box chia ra 6 tr\u00ecnh \u0111\u1ed9 d\u00e0nh cho c\u00e1c em. \u1ede m\u1ed7i m\u1ed9t tr\u00ecnh \u0111\u1ed9 \u0111\u1ec1u c\u00f3 2 cu\u1ed1n s\u00e1ch Kid\u2019s box classware v\u00e0 activities book b\u1ed5 tr\u1ee3 cho nhau, t\u1ea1o ra m\u00f4i tr\u01b0\u1eddng n\u00f3i ti\u1ebfng anh ho\u00e0n h\u1ea3o cho tr\u1ebb em. V\u1edbi Kid&#8217;s Box, v\u1ed1n t\u1eeb v\u1ef1ng quan tr\u1ecdng li\u00ean t\u1ee5c \u0111\u01b0\u1ee3c \u00f4n t\u1eadp v\u00e0 c\u1ee7ng c\u1ed1, gi\u00fap c\u00e1c b\u00e9 t\u1ea1o d\u1ef1ng s\u1ef1 t\u1ef1 tin, t\u1eadp trung v\u00e0o c\u00e1c ho\u1ea1t \u0111\u1ed9ng giao ti\u1ebfp nh\u1eb1m \u0111\u1ea3m b\u1ea3o tr\u1ebb em c\u00f3 th\u1ec3 s\u1eed d\u1ee5ng t\u1eeb v\u1ef1ng \u0111\u00e3 h\u1ecdc m\u1ed9t c\u00e1ch tho\u1ea3i m\u00e1i v\u00e0 kh\u00f4ng b\u1ecb \u00e1p l\u1ef1c.<\/div>\n<div><\/div>\n<div><\/div>\n","protected":false},"excerpt":{"rendered":"<p class=\"p1\"><span style=\"color: #008000;\"><b>Compatible<\/b><\/span> : macOS| <span class=\"s1\">Details: <a href=\"https:\/\/english0905.com\/private\/help\/macos-and-compatibility-issues\/\"><span class=\"s2\">https:\/\/english0905.com\/private\/help\/macos-and-compatibility-issues\/<\/span><\/a><\/span><\/p>\n<h6><span style=\"color: #008000;\"><em><b>Instant Download<\/b><\/em><\/span>\u00a0Kid&#8217;s Box 2nd Updated (<strong>For MacOS<\/strong>) (AmE) <strong>Presentation Plus+Resources<\/strong><\/h6>\n<p><strong>Publisher<\/strong>:\u00a0 Cambridge|<strong>Product type: <\/strong>Software for teaching.|<strong>Target audience<\/strong>: Primary (6-12 years old.)<\/p>\n<p><strong>English Type: <span style=\"color: #008000;\">American English<\/span><\/strong><br \/>\n<span style=\"color: #ff0000;\"><strong>Demo Kid Box Presentation Plus: <a href=\"https:\/\/drive.google.com\/drive\/folders\/1cuv3YGs62XaEc80wlUeyLxAhnc4O41vV?usp=drive_link\" target=\"_blank\" rel=\"noopener\">LINK<\/a>| <span style=\"color: #008000;\">If you need Window version, buy at:<\/span> <a href=\"https:\/\/english0905.com\/private\/product\/kids-box-2nd-updated-ame-presentation-plus\/\" target=\"_blank\" rel=\"noopener\">LINK<\/a> | British English version: <a href=\"https:\/\/www.google.com\/url?client=internal-element-cse&amp;cx=918aaf19ed2e44d44&amp;q=https:\/\/english0905.com\/private\/product\/kids-box-2nd-updated-bre\/&amp;sa=U&amp;ved=2ahUKEwj_74nA16KLAxW6sFYBHa3fKZkQFnoECAQQAQ&amp;usg=AOvVaw0gz-3tHMdyH1Azww3GOlFR\" target=\"_blank\" rel=\"noopener\">Windows<\/a> ; <a href=\"https:\/\/english0905.com\/private\/product\/kids-box-2nd-updated-for-macos-ame-presentation-plus\/\" target=\"_blank\" rel=\"noopener\">MacOS<\/a><\/strong><\/span><\/p>\n","protected":false},"featured_media":8546,"comment_status":"open","ping_status":"closed","template":"","meta":[],"product_brand":[],"product_cat":[136,170,132,88,52],"product_tag":[],"class_list":{"0":"post-8512","1":"product","2":"type-product","3":"status-publish","4":"has-post-thumbnail","6":"product_cat-cambri-dge","7":"product_cat-certificate-2","8":"product_cat-instant-download","9":"product_cat-macos","10":"product_cat-primary-6-9-y","12":"first","13":"instock","14":"sale","15":"sold-individually","16":"purchasable","17":"product-type-variable"},"_links":{"self":[{"href":"https:\/\/english0905.com\/privateshop\/wp-json\/wp\/v2\/product\/8512","targetHints":{"allow":["GET"]}}],"collection":[{"href":"https:\/\/english0905.com\/privateshop\/wp-json\/wp\/v2\/product"}],"about":[{"href":"https:\/\/english0905.com\/privateshop\/wp-json\/wp\/v2\/types\/product"}],"replies":[{"embeddable":true,"href":"https:\/\/english0905.com\/privateshop\/wp-json\/wp\/v2\/comments?post=8512"}],"wp:featuredmedia":[{"embeddable":true,"href":"https:\/\/english0905.com\/privateshop\/wp-json\/wp\/v2\/media\/8546"}],"wp:attachment":[{"href":"https:\/\/english0905.com\/privateshop\/wp-json\/wp\/v2\/media?parent=8512"}],"wp:term":[{"taxonomy":"product_brand","embeddable":true,"href":"https:\/\/english0905.com\/privateshop\/wp-json\/wp\/v2\/product_brand?post=8512"},{"taxonomy":"product_cat","embeddable":true,"href":"https:\/\/english0905.com\/privateshop\/wp-json\/wp\/v2\/product_cat?post=8512"},{"taxonomy":"product_tag","embeddable":true,"href":"https:\/\/english0905.com\/privateshop\/wp-json\/wp\/v2\/product_tag?post=8512"}],"curies":[{"name":"wp","href":"https:\/\/api.w.org\/{rel}","templated":true}]}}