{"id":820,"date":"2021-11-15T22:36:44","date_gmt":"2021-11-15T15:36:44","guid":{"rendered":"https:\/\/english0905.com\/?post_type=product&#038;p=820"},"modified":"2022-01-11T17:45:47","modified_gmt":"2022-01-11T10:45:47","slug":"show-and-tell-1st-itools_win","status":"publish","type":"product","link":"https:\/\/english0905.com\/privateshop\/product\/show-and-tell-1st-itools_win\/","title":{"rendered":"Show and Tell 1st &#8211; Itools (window version) +PDF +Audio"},"content":{"rendered":"<p><span style=\"font-size: 24pt;\">Show and Tell 1st<\/span><\/p>\n<p>Publisher: Oxofrd.<br \/>\nProduct type: Software for teaching.<br \/>\nTarget audience: Children 3-5 years old.<br \/>\nLevel: Pre A1<\/p>\n<p>Show and Tell taps into children&#8217;s natural curiosity, asking a question such as who makes you happy&#8217; or what do our senses tell us&#8217; as the focus for each unit. Activities encourage children to explore the question while learning the language they need to think and talk about it. End-of-unit class projects consolidate learning and encourage children to work collaboratively. Opportunities to Show and Tell&#8217; allow them to present their projects in class or at home, and to talk about what they have learned &#8211; in English! Stories, hand-eye coordination practice and letter formation activities lead to reading and writing simple sentences. Problem-solving activities encourage<\/p>\n<p>[VN]<\/p>\n<p>M\u1ed7i \u0111\u01a1n v\u1ecb b\u00e0i h\u1ecdc c\u1ee7a Show and Tell s\u1ebd bao g\u1ed3m nh\u1eefng n\u1ed9i dung sau:<\/p>\n<ul>\n<li><strong>Four skills<\/strong>\u00a0(B\u1ed1n k\u0129 n\u0103ng: Nghe-N\u00f3i- \u0110\u1ecdc \u2013Vi\u1ebft): T\u1eadp trung ban \u0111\u1ea7u s\u1ebd l\u00e0 k\u0129 n\u0103ng Nghe \u1edf c\u00e1c h\u00ecnh th\u1ee9c kh\u00e1c nhau, nghe t\u1eeb nh\u1eefng t\u1eeb \u0111\u01a1n gi\u1ea3n cho \u0111\u1ebfn c\u00e2u, r\u1ed3i c\u00e1c c\u00e2u chuy\u1ec7n, b\u00e0i h\u00e1t, \u0111i\u1ec1u n\u00e0y gi\u00fap s\u1edbm h\u00ecnh th\u00e0nh k\u0129 n\u0103ng N\u00f3i, tr\u1ebb c\u00f3 th\u1ec3 \u0111\u00f3ng vai, h\u1ed9i tho\u1ea1i \u0111\u01a1n gi\u1ea3n. K\u1ef9 n\u0103ng \u0111\u1ecdc v\u00e0 vi\u1ebft s\u1edbm \u0111\u01b0\u1ee3c ph\u00e1t tri\u1ec3n d\u1ea7n d\u1ea7n trong ch\u01b0\u01a1ng tr\u00ecnh h\u1ecdc bao g\u1ed3m c\u1ea3 ph\u00e1t \u00e2m.<\/li>\n<li><strong>CLIL<\/strong>\u00a0(H\u1ecdc t\u1eadp t\u00edch h\u1ee3p n\u1ed9i dung v\u00e0 ng\u00f4n ng\u1eef &#8211;\u00a0<strong>Content and Language Integrated Learning<\/strong>): M\u1ed7i \u0111\u01a1n v\u1ecb b\u00e0i h\u1ecdc \u0111\u01b0\u1ee3c d\u00e0nh \u0111\u1ec3 kh\u00e1m ph\u00e1 c\u00e1c ch\u1ee7 \u0111\u1ec1 kh\u00e1c nhau, m\u1ed9t s\u1ed1 th\u1eed nghi\u1ec7m \u0111\u01a1n gi\u1ea3n ho\u1eb7c c\u00e1c ho\u1ea1t \u0111\u1ed9ng li\u00ean quan.<\/li>\n<li><strong>Critical thinking\u00a0<\/strong>(T\u01b0 duy ph\u1ea3n bi\u1ec7n): H\u1ea7u h\u1ebft c\u00e1c ho\u1ea1t \u0111\u1ed9ng trong gi\u00e1o tr\u00ecnh \u0111\u1ec1u \u0111\u01b0\u1ee3c thi\u1ebft k\u1ebf gi\u00fap tr\u1ebb suy ngh\u0129 \u0111\u1eb7t c\u00e2u h\u1ecfi, \u0111\u01b0a \u00fd ki\u1ebfn, t\u00ecm ra gi\u1ea3i ph\u00e1p trong t\u00ecnh th\u1ebf ch\u1ee7 \u0111\u1ed9ng v\u00e0 t\u1ef1 tin.<\/li>\n<li><strong>Values\u00a0<\/strong>(C\u00e1c gi\u00e1 tr\u1ecb): N\u1ed9i dung b\u00e0i h\u1ecdc \u0111\u01b0\u1ee3c x\u00e2y d\u1ef1ng tr\u00ean b\u1ed1i c\u1ea3nh th\u1ef1c t\u1ebf v\u00e0 g\u1ea7n g\u0169i v\u1edbi tr\u1ebb nh\u1ecf. \u0110\u1ec3 c\u1ee7ng c\u1ed1 s\u1ef1 hi\u1ec3u bi\u1ebft v\u1ec1 c\u00e1c gi\u00e1 tr\u1ecb, c\u00e1c b\u00e0i h\u00e1t ng\u1eafn \u0111\u01b0\u1ee3c \u0111\u01b0a v\u00e0o c\u00f3 th\u1ec3 \u0111\u01b0\u1ee3c s\u1eed d\u1ee5ng trong c\u00e1c t\u00ecnh hu\u1ed1ng th\u1ef1c t\u1ebf trong l\u1edbp trong su\u1ed1t n\u0103m h\u1ecdc.<\/li>\n<li><strong>Cooperative work\u00a0<\/strong>(K\u0129 n\u0103ng h\u1ee3p t\u00e1c): Ph\u00e1t tri\u1ec3n k\u0129 n\u0103ng h\u1ee3p t\u00e1c l\u00e0 m\u1ed9t ph\u1ea7n quan tr\u1ecdng trong s\u1ef1 ph\u00e1t tri\u1ec3n c\u1ee7a tr\u1ebb nh\u1ecf. V\u00e0 c\u00e1c ho\u1ea1t \u0111\u1ed9ng tr\u00f2 ch\u01a1i trong gi\u00e1o tr\u00ecnh n\u00e0y gi\u00fap tr\u1ebb bi\u1ebft c\u00e1ch h\u1ee3p t\u00e1c v\u1edbi c\u00e1c tr\u1ebb kh\u00e1c.<\/li>\n<li><strong>Buiding awereness of the learning process<\/strong>\u00a0(X\u00e2y d\u1ef1ng nh\u1eadn th\u1ee9c v\u1ec1 qu\u00e1 tr\u00ecnh h\u1ecdc t\u1eadp): M\u1ed7i \u0111\u01a1n v\u1ecb b\u00e0i h\u1ecdc, tr\u1ebb s\u1ebd \u0111\u01b0\u1ee3c t\u1ea1o c\u01a1 h\u1ed9i \u0111\u1ec3 ph\u1ea3n \u00e1nh v\u1ec1 qu\u00e1 tr\u00ecnh h\u1ecdc t\u1eadp c\u1ee7a m\u00ecnh b\u1eb1ng c\u00e1c b\u00e0i t\u1eadp trong Activity Book.<\/li>\n<li><strong>Recycling\u00a0<\/strong>(Kh\u1ea3 n\u0103ng t\u00e1i t\u1ea1o): T\u1eeb v\u1ef1ng, c\u1ea5u tr\u00fac v\u00e0 c\u00e1c kh\u00e1i ni\u1ec7m chung \u0111\u01b0\u1ee3c x\u00e2y d\u1ef1ng v\u00e0 l\u1eb7p \u0111i l\u1eb7p l\u1ea1i trong m\u1ed7i \u0111\u01a1n v\u1ecb b\u00e0i h\u1ecdc.<\/li>\n<\/ul>\n<p>&nbsp;<\/p>\n<p>https:\/\/elt.oup.com\/student\/showandtell\/?cc=vn&#038;selLanguage=en<\/p>\n","protected":false},"excerpt":{"rendered":"<p><span style=\"font-size: 24pt;\">Show and Tell 1st Itools(window version) +PDF +Audio<\/span><\/p>\n<p>&#8212;&#8212;&#8212;&#8212;&#8211;<br \/>\nPublisher: Oxofrd.<br \/>\nProduct type: Software for teaching.<br \/>\nTarget audience: Children 3-5 years old.<br \/>\nLevel: Pre A1<\/p>\n<p>&#8212;&#8212;&#8212;-<br \/>\n[VN] Kh\u00e1ch h\u00e0ng Vi\u1ec7t Nam mua th\u00f4ng qua chuy\u1ec3n kho\u1ea3n hay MoMo (VN\u0110) li\u00ean h\u1ec7 \u0111\u1ec3 c\u00f3 th\u00f4ng tin thanh to\u00e1n chi ti\u1ebft.<br \/>\nQuy \u0111\u1ed5i gi\u00e1 cho thanh to\u00e1n l\u00e0 1 USD= 22000 VN\u0110<\/p>\n<p>&#8212;&#8212;&#8212;-<\/p>\n<p>Show and Tell taps into children&#8217;s natural curiosity, asking a question such as who makes you happy&#8217; or what do our senses tell us&#8217; as the focus for each unit.<\/p>\n<p>&#8212;&#8212;&#8211;<br \/>\nContact us for any question.<br \/>\n&#8212;&#8212;&#8211;<\/p>\n<p>Email: hino09051986@gmail.com<br \/>\nTelegram: hino0905<br \/>\nhttps:\/\/www.facebook.com\/itoolebook<br \/>\nhttps:\/\/www.facebook.com\/english0905\/<\/p>\n","protected":false},"featured_media":821,"comment_status":"open","ping_status":"closed","template":"","meta":[],"product_brand":[],"product_cat":[21],"product_tag":[],"class_list":{"0":"post-820","1":"product","2":"type-product","3":"status-publish","4":"has-post-thumbnail","6":"product_cat-preschool-3-5-years","8":"first","9":"instock","10":"sold-individually","11":"shipping-taxable","12":"purchasable","13":"product-type-variable"},"_links":{"self":[{"href":"https:\/\/english0905.com\/privateshop\/wp-json\/wp\/v2\/product\/820","targetHints":{"allow":["GET"]}}],"collection":[{"href":"https:\/\/english0905.com\/privateshop\/wp-json\/wp\/v2\/product"}],"about":[{"href":"https:\/\/english0905.com\/privateshop\/wp-json\/wp\/v2\/types\/product"}],"replies":[{"embeddable":true,"href":"https:\/\/english0905.com\/privateshop\/wp-json\/wp\/v2\/comments?post=820"}],"wp:featuredmedia":[{"embeddable":true,"href":"https:\/\/english0905.com\/privateshop\/wp-json\/wp\/v2\/media\/821"}],"wp:attachment":[{"href":"https:\/\/english0905.com\/privateshop\/wp-json\/wp\/v2\/media?parent=820"}],"wp:term":[{"taxonomy":"product_brand","embeddable":true,"href":"https:\/\/english0905.com\/privateshop\/wp-json\/wp\/v2\/product_brand?post=820"},{"taxonomy":"product_cat","embeddable":true,"href":"https:\/\/english0905.com\/privateshop\/wp-json\/wp\/v2\/product_cat?post=820"},{"taxonomy":"product_tag","embeddable":true,"href":"https:\/\/english0905.com\/privateshop\/wp-json\/wp\/v2\/product_tag?post=820"}],"curies":[{"name":"wp","href":"https:\/\/api.w.org\/{rel}","templated":true}]}}