{"id":1124,"date":"2021-11-22T22:10:45","date_gmt":"2021-11-22T15:10:45","guid":{"rendered":"https:\/\/english0905.com\/?post_type=product&#038;p=1124"},"modified":"2023-10-04T09:34:51","modified_gmt":"2023-10-04T02:34:51","slug":"mindset-for-ielts-presentation-plus-macos-version-pdf-audio","status":"publish","type":"product","link":"https:\/\/english0905.com\/privateshop\/product\/mindset-for-ielts-presentation-plus-macos-version-pdf-audio\/","title":{"rendered":"Mindset for IELTS &#8211; Presentation plus (MacOS Version) + PDF+ Audio"},"content":{"rendered":"<p class=\"p1\"><span style=\"color: #008000;\"><b>Compatible<\/b><\/span> : macOS 10.13 High Sierra; macOS 10.14 Mojave; macOS Catalina: 10.15.4 or greater (10.15.3 and bellow may have problem); macOS 11 Big Sur;\u00a0macOS 12 Monterey ;MacBook M1 support (May need remote online support.)<\/p>\n<p class=\"p2\"><span class=\"s1\">Details: <a href=\"https:\/\/english0905.com\/privateshop\/help\/macos-and-compatibility-issues\/\"><span class=\"s2\">https:\/\/english0905.com\/privateshop\/help\/macos-and-compatibility-issues\/<\/span><\/a><\/span><\/p>\n<p>&#8212;&#8212;<\/p>\n<h2>Get into the MINDSET of IELTS<\/h2>\n<p>The organisation that produces the IELTS test brings you MINDSET; the course that gets you inside the test, helps develop English skills and leaves you fully prepared for test day.<\/p>\n<p><img decoding=\"async\" src=\"https:\/\/cdn.ieltsvietop.vn\/wp-content\/uploads\/2020\/10\/Available-at-four-levels.png\" alt=\"Available at four levels\" title=\"\"><\/p>\n<h2 class=\"brown\">Description<\/h2>\n<p>MINDSET, the multi-level course from the organisation that produces the IELTS test, develops students\u2019 English skills and leaves them fully prepared for test day.<\/p>\n<p>MINDSET, the 4-level course from Cambridge, gets you inside the IELTS test. Its unique blend of print and online content enables you to customise course length and focus to suit your needs. Topic-based units cover each of the four skills in turn, making it easy to find what you want. Each level includes learning strategies, skills practice and exam practice designed to help students achieve their target band score. Online skills modules provide additional practice, and Corpus informed modules help learners avoid common mistakes. Suitable for students preparing for the Academic Module, the course provides access to authentic online practice tests in Testbank. Designed with teachers in mind, MINDSET provides support and advice for teachers new to IELTS, and clear links between activities and the test ensure maximum confidence in class.<\/p>\n<div class=\"row \">\n<div class=\"eight columns\">\n<div class=\"features\">\n<div class=\"eight columns\">\n<h2 class=\"brown\">Key features<\/h2>\n<ul class=\"f14 bulletted\">\n<li>Suitable for IELTS Academic.<\/li>\n<li>\u0091Over 150 targeted support items per level help students maximise test performance.<\/li>\n<li>Online modules for Reading, Writing, Listening, Speaking plus Grammar and Vocabulary accompany each level and can be used in class or set for homework.<\/li>\n<li>Corpus-informed online modules help students avoid common mistakes.<\/li>\n<li>Access to online IELTS practice tests in Testbank means students can familiarise themselves with the test.<\/li>\n<\/ul>\n<p><strong>DEMO<\/strong>:<\/p>\n<\/div>\n<\/div>\n<\/div>\n<\/div>\n<div class=\"four columns course-details\">\n<p>[integrate_google_drive data=&#8221;eyJ0eXBlIjoiYnJvd3NlciIsInNob3dGaWxlcyI6dHJ1ZSwic2hvd0ZvbGRlcnMiOnRydWUsIm1vZHVsZVdpZHRoIjoiMTAwJSIsIm1vZHVsZUhlaWdodCI6ImF1dG8iLCJnYWxsZXJ5SGVpZ2h0IjozMDAsInNob3dIZWFkZXIiOnRydWUsInNob3dCcmVhZGNydW1icyI6dHJ1ZSwiYWxsb3dFbWJlZFBvcG91dCI6dHJ1ZSwiZW1iZWRUeXBlIjoicmVhZE9ubHkiLCJzaG93UmVmcmVzaCI6dHJ1ZSwib3BlbmVkUGxheWxpc3QiOnRydWUsInNob3dMb29wIjp0cnVlLCJzaG93U2h1ZmZsZSI6dHJ1ZSwic2hvd0Z1bGxzY3JlZW4iOnRydWUsIm5leHRQcmV2aW91cyI6dHJ1ZSwidm9sdW1lQnV0dG9uIjp0cnVlLCJnbG9iYWxTZWFyY2giOnRydWUsInZpZXciOiJsaXN0Iiwib3Blbk5ld1RhYiI6dHJ1ZSwic29ydCI6eyJzb3J0QnkiOiJuYW1lIiwic29ydERpcmVjdGlvbiI6ImFzYyJ9LCJwcmV2aWV3Ijp0cnVlLCJhbGxvd1ByZXZpZXdQb3BvdXQiOnRydWUsImRvd25sb2FkIjpmYWxzZSwiemlwRG93bmxvYWQiOmZhbHNlLCJkaXNwbGF5Rm9yIjoiZXZlcnlvbmUiLCJkaXNwbGF5VXNlcnMiOlsiZXZlcnlvbmUiXSwiZGlzcGxheUV4Y2VwdCI6W10sImZvbGRlcnMiOlt7ImlkIjoiMXZqNEVKMWV1NVJ4bkhOM2tVWjdsYTBUTWFiN2t2X2h2IiwiYWNjb3VudElkIjoiMTM0MzM0ODYyMTUyNDE4NTc2NjciLCJuYW1lIjoiTWluZHNldCBmb3IgSUVMVFMiLCJ0eXBlIjoiYXBwbGljYXRpb24vdm5kLmdvb2dsZS1hcHBzLmZvbGRlciIsInBlcm1pc3Npb25zIjp7ImNhbkVkaXQiOmZhbHNlLCJjYW5QcmV2aWV3Ijp0cnVlLCJjYW5Eb3dubG9hZCI6dHJ1ZSwiY2FuRGVsZXRlIjp0cnVlLCJjYW5UcmFzaCI6dHJ1ZSwiY2FuTW92ZSI6dHJ1ZSwiY2FuUmVuYW1lIjp0cnVlLCJjYW5TaGFyZSI6dHJ1ZSwiY29weVJlcXVpcmVzV3JpdGVyUGVybWlzc2lvbiI6ZmFsc2UsImNhbkNoYW5nZUNvcHlSZXF1aXJlc1dyaXRlclBlcm1pc3Npb24iOmZhbHNlLCJ1c2VycyI6eyIwNTEzNjAxMTMyNTA2OTcwMjA5NyI6eyJ0eXBlIjoidXNlciIsInJvbGUiOiJyZWFkZXIiLCJkb21haW4iOm51bGx9LCJhbnlvbmVXaXRoTGluayI6eyJ0eXBlIjoiYW55b25lIiwicm9sZSI6InJlYWRlciIsImRvbWFpbiI6bnVsbH0sIjEzNDMzNDg2MjE1MjQxODU3NjY3Ijp7InR5cGUiOiJ1c2VyIiwicm9sZSI6Im93bmVyIiwiZG9tYWluIjpudWxsfX19LCJyZXNvdXJjZUtleSI6bnVsbH1dfQ==&#8221;]<\/p>\n<\/div>\n<div><\/div>\n<div class=\"row big-icon-section border-bottom\"><strong>[VN]<\/strong><\/div>\n<div><\/div>\n<div><em><strong>B\u1ed9 s\u00e1ch Mindset for IELTS<\/strong>\u00a0l\u00e0 kh\u00f3a h\u1ecdc \u0111a d\u1ea1ng c\u1ea5p \u0111\u1ed9 t\u1eeb t\u1ed5 ch\u1ee9c s\u1ea3n xu\u1ea5t b\u00e0i thi IELTS, ph\u00e1t tri\u1ec3n k\u1ef9 n\u0103ng ti\u1ebfng Anh c\u1ee7a b\u1ea1n v\u00e0 gi\u00fap b\u1ea1n chu\u1ea9n b\u1ecb \u0111\u1ea7y \u0111\u1ee7 cho ng\u00e0y thi.<\/em><\/div>\n<div>\n<ul>\n<li><strong>Mindset for IELTS Foundation<\/strong><\/li>\n<\/ul>\n<p>\u0110\u00e2y l\u00e0 cu\u1ed1n s\u00e1ch ch\u1ee7 y\u1ebfu \u0111\u1ec3 b\u1ea1n l\u00e0m quen v\u1edbi IELTS v\u00e0 b\u1ed9 s\u00e1ch n\u00e0y n\u00ean n\u1ed9i dung cu\u1ed1n s\u00e1ch \u0111\u01a1n gi\u1ea3n v\u00e0 d\u1ec5 hi\u1ec3u.<\/p>\n<table>\n<tbody>\n<tr>\n<td>\n<ol>\n<li>Daily life<\/li>\n<li>House and home<\/li>\n<li>Hobbies, leisure and entertainment<\/li>\n<li>Travel and holidays<\/li>\n<li>Food<\/li>\n<li>Transport and places in town<\/li>\n<li>Jobs, work and study<\/li>\n<li>Health and medicine<\/li>\n<li>Language<\/li>\n<li>Science and technology<\/li>\n<\/ol>\n<\/td>\n<td><img loading=\"lazy\" decoding=\"async\" class=\"aligncenter wp-image-12870\" src=\"https:\/\/patadovietnam.edu.vn\/wp-content\/uploads\/2021\/04\/mindset-for-ielts-0-patado.jpg\" sizes=\"auto, (max-width: 424px) 100vw, 424px\" srcset=\"https:\/\/patadovietnam.edu.vn\/wp-content\/uploads\/2021\/04\/mindset-for-ielts-0-patado.jpg 444w, https:\/\/patadovietnam.edu.vn\/wp-content\/uploads\/2021\/04\/mindset-for-ielts-0-patado-300x300.jpg 300w, https:\/\/patadovietnam.edu.vn\/wp-content\/uploads\/2021\/04\/mindset-for-ielts-0-patado-150x150.jpg 150w, https:\/\/patadovietnam.edu.vn\/wp-content\/uploads\/2021\/04\/mindset-for-ielts-0-patado-400x400.jpg 400w, https:\/\/patadovietnam.edu.vn\/wp-content\/uploads\/2021\/04\/mindset-for-ielts-0-patado-367x367.jpg 367w, https:\/\/patadovietnam.edu.vn\/wp-content\/uploads\/2021\/04\/mindset-for-ielts-0-patado-85x85.jpg 85w, https:\/\/patadovietnam.edu.vn\/wp-content\/uploads\/2021\/04\/mindset-for-ielts-0-patado-50x50.jpg 50w\" alt=\"Mindset for IELTS 0-Patado\" width=\"424\" height=\"424\" title=\"\"><\/td>\n<\/tr>\n<\/tbody>\n<\/table>\n<p>&nbsp;<\/p>\n<ul>\n<li><strong>Mindset for IELTS 1<\/strong><\/li>\n<\/ul>\n<p>Cu\u1ed1n n\u00e0y m\u1ee5c ti\u00eau IELTS band 5.0 \u2013 5.5. N\u1ed9i dung bao g\u1ed3m ng\u1eef ph\u00e1p \u0111\u01a1n gi\u1ea3n v\u00e0 c\u01a1 b\u1ea3n v\u1ec1 c\u00e1c ch\u1ee7 \u0111\u1ec1 h\u00e0ng ng\u00e0y.<\/p>\n<table>\n<tbody>\n<tr>\n<td><strong>M\u1ee5c l\u1ee5c:<\/strong><\/p>\n<ol>\n<li>Relationships<\/li>\n<li>Places and building<\/li>\n<li>Education and employment<\/li>\n<li>Food and drink<\/li>\n<li>Consumerism<\/li>\n<li>Leisure time<\/li>\n<li>Fame and the media<\/li>\n<li>Natural world<\/li>\n<\/ol>\n<\/td>\n<td><img loading=\"lazy\" decoding=\"async\" class=\"aligncenter size-full wp-image-12868\" src=\"https:\/\/patadovietnam.edu.vn\/wp-content\/uploads\/2021\/04\/mindset-for-ielts-1-patado.jpg\" sizes=\"auto, (max-width: 444px) 100vw, 444px\" srcset=\"https:\/\/patadovietnam.edu.vn\/wp-content\/uploads\/2021\/04\/mindset-for-ielts-1-patado.jpg 444w, https:\/\/patadovietnam.edu.vn\/wp-content\/uploads\/2021\/04\/mindset-for-ielts-1-patado-300x300.jpg 300w, https:\/\/patadovietnam.edu.vn\/wp-content\/uploads\/2021\/04\/mindset-for-ielts-1-patado-150x150.jpg 150w, https:\/\/patadovietnam.edu.vn\/wp-content\/uploads\/2021\/04\/mindset-for-ielts-1-patado-400x400.jpg 400w, https:\/\/patadovietnam.edu.vn\/wp-content\/uploads\/2021\/04\/mindset-for-ielts-1-patado-367x367.jpg 367w, https:\/\/patadovietnam.edu.vn\/wp-content\/uploads\/2021\/04\/mindset-for-ielts-1-patado-85x85.jpg 85w, https:\/\/patadovietnam.edu.vn\/wp-content\/uploads\/2021\/04\/mindset-for-ielts-1-patado-50x50.jpg 50w\" alt=\"Mindset for IELTS 1-Patado\" width=\"444\" height=\"444\" title=\"\"><\/td>\n<\/tr>\n<\/tbody>\n<\/table>\n<ul>\n<li><strong>Mindset for IELTS 2<\/strong><\/li>\n<\/ul>\n<p>Cu\u1ed1n s\u00e1ch c\u00f3 m\u1ee5c ti\u00eau s\u1ebd l\u00e0 IELTS band 6.5.<\/p>\n<table style=\"width: 61.3493%; height: 308px;\">\n<tbody>\n<tr>\n<td><strong>M\u1ee5c l\u1ee5c:<\/strong><\/p>\n<ol>\n<li>The man-made environment<\/li>\n<li>Leisure and education<\/li>\n<li>The news and media<\/li>\n<li>Travel and transport<\/li>\n<li>Business and work<\/li>\n<li>The natural environment<\/li>\n<li>Education systems<\/li>\n<li>Festivals and traditions<\/li>\n<\/ol>\n<\/td>\n<td><img loading=\"lazy\" decoding=\"async\" class=\"aligncenter wp-image-12865 \" src=\"https:\/\/patadovietnam.edu.vn\/wp-content\/uploads\/2021\/04\/mindset-for-ielts-2-patado-239x300.jpg\" sizes=\"auto, (max-width: 181px) 100vw, 181px\" srcset=\"https:\/\/patadovietnam.edu.vn\/wp-content\/uploads\/2021\/04\/mindset-for-ielts-2-patado-239x300.jpg 239w, https:\/\/patadovietnam.edu.vn\/wp-content\/uploads\/2021\/04\/mindset-for-ielts-2-patado-367x461.jpg 367w, https:\/\/patadovietnam.edu.vn\/wp-content\/uploads\/2021\/04\/mindset-for-ielts-2-patado.jpg 397w\" alt=\"Mindset for IELTS 2\" width=\"181\" height=\"227\" title=\"\"><\/td>\n<\/tr>\n<\/tbody>\n<\/table>\n<\/div>\n<table style=\"width: 61.943%; height: 804px;\" border=\"1\">\n<tbody>\n<tr>\n<td>\n<ul>\n<li><strong>Mindset for IELTS 3<\/strong><\/li>\n<\/ul>\n<p>Cu\u1ed1n s\u00e1ch n\u00e0y d\u00e0nh cho nh\u1eefng b\u1ea1n c\u00f3 m\u1ee5c ti\u00eau \u0111\u1ea1t \u0111\u01b0\u1ee3c IELTS band cao. IELTS 7.5 s\u1ebd n\u1eb1m trong tay b\u1ea1n n\u1ebfu b\u1ea1n \u00f4n luy\u1ec7n k\u0129 cu\u1ed1n s\u00e1ch n\u00e0y.<\/p>\n<table>\n<tbody>\n<tr>\n<td><strong>M\u1ee5c l\u1ee5c:<\/strong><\/p>\n<ol>\n<li>Urban and rural life<\/li>\n<li>Health<\/li>\n<li>Art and architecture<\/li>\n<li>Finance and business<\/li>\n<li>History<\/li>\n<li>Science and technology<\/li>\n<li>Television, news and current affairs<\/li>\n<li>Culture<\/li>\n<\/ol>\n<\/td>\n<td><img loading=\"lazy\" decoding=\"async\" class=\"aligncenter wp-image-12866\" src=\"https:\/\/patadovietnam.edu.vn\/wp-content\/uploads\/2021\/04\/mindset-for-ielts-3-patado.jpg\" sizes=\"auto, (max-width: 527px) 100vw, 527px\" srcset=\"https:\/\/patadovietnam.edu.vn\/wp-content\/uploads\/2021\/04\/mindset-for-ielts-3-patado.jpg 1080w, https:\/\/patadovietnam.edu.vn\/wp-content\/uploads\/2021\/04\/mindset-for-ielts-3-patado-300x300.jpg 300w, https:\/\/patadovietnam.edu.vn\/wp-content\/uploads\/2021\/04\/mindset-for-ielts-3-patado-1024x1024.jpg 1024w, https:\/\/patadovietnam.edu.vn\/wp-content\/uploads\/2021\/04\/mindset-for-ielts-3-patado-150x150.jpg 150w, https:\/\/patadovietnam.edu.vn\/wp-content\/uploads\/2021\/04\/mindset-for-ielts-3-patado-768x768.jpg 768w, https:\/\/patadovietnam.edu.vn\/wp-content\/uploads\/2021\/04\/mindset-for-ielts-3-patado-640x640.jpg 640w, https:\/\/patadovietnam.edu.vn\/wp-content\/uploads\/2021\/04\/mindset-for-ielts-3-patado-400x400.jpg 400w, https:\/\/patadovietnam.edu.vn\/wp-content\/uploads\/2021\/04\/mindset-for-ielts-3-patado-560x560.jpg 560w, https:\/\/patadovietnam.edu.vn\/wp-content\/uploads\/2021\/04\/mindset-for-ielts-3-patado-367x367.jpg 367w, https:\/\/patadovietnam.edu.vn\/wp-content\/uploads\/2021\/04\/mindset-for-ielts-3-patado-85x85.jpg 85w, https:\/\/patadovietnam.edu.vn\/wp-content\/uploads\/2021\/04\/mindset-for-ielts-3-patado-50x50.jpg 50w\" alt=\"Mindset for IELTS 3-Patado\" width=\"527\" height=\"527\" title=\"\"><\/td>\n<\/tr>\n<\/tbody>\n<\/table>\n<\/td>\n<\/tr>\n<tr>\n<td><strong>B\u1ed1 c\u1ee5c<\/strong><\/p>\n<ol>\n<li>Grammar and Vocabulary<\/li>\n<li>Language buider<\/li>\n<li>Listening and Speaking<\/li>\n<li>Reading and Writting<\/li>\n<\/ol>\n<\/td>\n<td><\/td>\n<\/tr>\n<\/tbody>\n<\/table>\n<p class=\"tw-data-text tw-text-large XcVN5d tw-ta\" dir=\"ltr\" data-placeholder=\"B\u1ea3n d\u1ecbch\">MINDSET, kh\u00f3a h\u1ecdc 4 c\u1ea5p \u0111\u1ed9 t\u1eeb Cambridge, s\u1ebd gi\u00fap b\u1ea1n tham gia k\u1ef3 thi IELTS. S\u1ef1 pha tr\u1ed9n \u0111\u1ed9c \u0111\u00e1o gi\u1eefa n\u1ed9i dung tr\u00ean gi\u1ea5y v\u00e0 tr\u1ef1c tuy\u1ebfn cho ph\u00e9p b\u1ea1n t\u00f9y ch\u1ec9nh \u0111\u1ed9 d\u00e0i v\u00e0 tr\u1ecdng t\u00e2m c\u1ee7a kh\u00f3a h\u1ecdc cho ph\u00f9 h\u1ee3p v\u1edbi nhu c\u1ea7u c\u1ee7a m\u00ecnh.<\/p>\n<p class=\"tw-data-text tw-text-large XcVN5d tw-ta\" dir=\"ltr\" data-placeholder=\"B\u1ea3n d\u1ecbch\">C\u00e1c ch\u1ee7 \u0111\u1ec1 trong m\u1ed7i b\u00e0i h\u1ecdc l\u1ea7n l\u01b0\u1ee3t bao g\u1ed3m t\u1eebng k\u1ef9 n\u0103ng trong s\u1ed1 b\u1ed1n k\u1ef9 n\u0103ng, gi\u00fap b\u1ea1n d\u1ec5 d\u00e0ng t\u00ecm th\u1ea5y nh\u1eefng g\u00ec b\u1ea1n mu\u1ed1n. M\u1ed7i c\u1ea5p \u0111\u1ed9 bao g\u1ed3m c\u00e1c chi\u1ebfn l\u01b0\u1ee3c h\u1ecdc t\u1eadp, th\u1ef1c h\u00e0nh k\u1ef9 n\u0103ng v\u00e0 th\u1ef1c h\u00e0nh thi \u0111\u01b0\u1ee3c thi\u1ebft k\u1ebf \u0111\u1ec3 gi\u00fap h\u1ecdc sinh \u0111\u1ea1t \u0111\u01b0\u1ee3c \u0111i\u1ec3m s\u1ed1 m\u1ee5c ti\u00eau c\u1ee7a m\u00ecnh.<\/p>\n<p class=\"tw-data-text tw-text-large XcVN5d tw-ta\" dir=\"ltr\" data-placeholder=\"B\u1ea3n d\u1ecbch\">C\u00e1c h\u1ecdc ph\u1ea7n k\u1ef9 n\u0103ng tr\u1ef1c tuy\u1ebfn cung c\u1ea5p c\u00e1c b\u00e0i th\u1ef1c h\u00e0nh b\u1ed5 sung v\u00e0 c\u00e1c kho d\u1eef li\u1ec7u gi\u00fap ng\u01b0\u1eddi h\u1ecdc tr\u00e1nh nh\u1eefng l\u1ed7i th\u01b0\u1eddng g\u1eb7p. Th\u00edch h\u1ee3p cho sinh vi\u00ean chu\u1ea9n b\u1ecb cho m\u00f4-\u0111un H\u1ecdc thu\u1eadt, kh\u00f3a h\u1ecdc cung c\u1ea5p quy\u1ec1n truy c\u1eadp v\u00e0o c\u00e1c b\u00e0i ki\u1ec3m tra th\u1ef1c h\u00e0nh tr\u1ef1c tuy\u1ebfn \u0111\u00edch th\u1ef1c trong ng\u00e2n h\u00e0ng \u0111\u1ec1 thi.<\/p>\n<p class=\"tw-data-text tw-text-large XcVN5d tw-ta\" dir=\"ltr\" data-placeholder=\"B\u1ea3n d\u1ecbch\">\u0110\u01b0\u1ee3c thi\u1ebft k\u1ebf ch\u00fa tr\u1ecdng \u0111\u1ebfn gi\u00e1o vi\u00ean, MINDSET cung c\u1ea5p h\u1ed7 tr\u1ee3 v\u00e0 t\u01b0 v\u1ea5n cho gi\u00e1o vi\u00ean m\u1edbi ti\u1ebfp c\u1eadn \u0111\u1ebfn IELTS, \u0111\u1ed3ng th\u1eddi c\u00f3 s\u1ef1 li\u00ean k\u1ebft r\u00f5 r\u00e0ng gi\u1eefa c\u00e1c ho\u1ea1t \u0111\u1ed9ng v\u00e0 b\u00e0i ki\u1ec3m tra \u0111\u1ea3m b\u1ea3o s\u1ef1 t\u1ef1 tin t\u1ed1i \u0111a trong l\u1edbp h\u1ecdc.<\/p>\n","protected":false},"excerpt":{"rendered":"<p class=\"p1\"><span style=\"color: #008000;\"><b>Compatible<\/b><\/span> : macOS 10.13 High Sierra; macOS 10.14 Mojave; macOS Catalina: 10.15.4 or greater (10.15.3 and bellow may have problem); macOS 11 Big Sur;\u00a0macOS 12 Monterey ;MacBook M1 support (May need remote online support.)<\/p>\n<p class=\"p2\"><span class=\"s1\">Details: <a href=\"https:\/\/english0905.com\/privateshop\/help\/macos-and-compatibility-issues\/\"><span class=\"s2\">https:\/\/english0905.com\/privateshop\/help\/macos-and-compatibility-issues\/<\/span><\/a><\/span><\/p>\n<p>DEMO:[integrate_google_drive data=&#8221;eyJ0eXBlIjoiYnJvd3NlciIsInNob3dGaWxlcyI6dHJ1ZSwic2hvd0ZvbGRlcnMiOnRydWUsIm1vZHVsZVdpZHRoIjoiMTAwJSIsIm1vZHVsZUhlaWdodCI6ImF1dG8iLCJnYWxsZXJ5SGVpZ2h0IjozMDAsInNob3dIZWFkZXIiOnRydWUsInNob3dCcmVhZGNydW1icyI6dHJ1ZSwiYWxsb3dFbWJlZFBvcG91dCI6dHJ1ZSwiZW1iZWRUeXBlIjoicmVhZE9ubHkiLCJzaG93UmVmcmVzaCI6dHJ1ZSwib3BlbmVkUGxheWxpc3QiOnRydWUsInNob3dMb29wIjp0cnVlLCJzaG93U2h1ZmZsZSI6dHJ1ZSwic2hvd0Z1bGxzY3JlZW4iOnRydWUsIm5leHRQcmV2aW91cyI6dHJ1ZSwidm9sdW1lQnV0dG9uIjp0cnVlLCJnbG9iYWxTZWFyY2giOnRydWUsInZpZXciOiJsaXN0Iiwib3Blbk5ld1RhYiI6dHJ1ZSwic29ydCI6eyJzb3J0QnkiOiJuYW1lIiwic29ydERpcmVjdGlvbiI6ImFzYyJ9LCJwcmV2aWV3Ijp0cnVlLCJhbGxvd1ByZXZpZXdQb3BvdXQiOnRydWUsImRvd25sb2FkIjpmYWxzZSwiemlwRG93bmxvYWQiOmZhbHNlLCJkaXNwbGF5Rm9yIjoiZXZlcnlvbmUiLCJkaXNwbGF5VXNlcnMiOlsiZXZlcnlvbmUiXSwiZGlzcGxheUV4Y2VwdCI6W10sImZvbGRlcnMiOlt7ImlkIjoiMXZqNEVKMWV1NVJ4bkhOM2tVWjdsYTBUTWFiN2t2X2h2IiwiYWNjb3VudElkIjoiMTM0MzM0ODYyMTUyNDE4NTc2NjciLCJuYW1lIjoiTWluZHNldCBmb3IgSUVMVFMiLCJ0eXBlIjoiYXBwbGljYXRpb24vdm5kLmdvb2dsZS1hcHBzLmZvbGRlciIsInBlcm1pc3Npb25zIjp7ImNhbkVkaXQiOmZhbHNlLCJjYW5QcmV2aWV3Ijp0cnVlLCJjYW5Eb3dubG9hZCI6dHJ1ZSwiY2FuRGVsZXRlIjp0cnVlLCJjYW5UcmFzaCI6dHJ1ZSwiY2FuTW92ZSI6dHJ1ZSwiY2FuUmVuYW1lIjp0cnVlLCJjYW5TaGFyZSI6dHJ1ZSwiY29weVJlcXVpcmVzV3JpdGVyUGVybWlzc2lvbiI6ZmFsc2UsImNhbkNoYW5nZUNvcHlSZXF1aXJlc1dyaXRlclBlcm1pc3Npb24iOmZhbHNlLCJ1c2VycyI6eyIwNTEzNjAxMTMyNTA2OTcwMjA5NyI6eyJ0eXBlIjoidXNlciIsInJvbGUiOiJyZWFkZXIiLCJkb21haW4iOm51bGx9LCJhbnlvbmVXaXRoTGluayI6eyJ0eXBlIjoiYW55b25lIiwicm9sZSI6InJlYWRlciIsImRvbWFpbiI6bnVsbH0sIjEzNDMzNDg2MjE1MjQxODU3NjY3Ijp7InR5cGUiOiJ1c2VyIiwicm9sZSI6Im93bmVyIiwiZG9tYWluIjpudWxsfX19LCJyZXNvdXJjZUtleSI6bnVsbH1dfQ==&#8221;]<\/p>\n<p>&#8212;&#8211;<\/p>\n<p>&nbsp;<\/p>\n<p><strong>Product&#8217;s name<\/strong>: Mindset for IELTS &#8211; Presentation plus (<strong>MacOS Version<\/strong>) + PDF+ Audio<br \/>\n<strong>Publisher<\/strong>: Cambridge,<br \/>\n<strong>Product type: <\/strong>Software for teaching.<br \/>\n<strong>Target audience<\/strong>: Academic<br \/>\n<strong>CEFR:<\/strong> <strong>A1-C2<\/strong><br \/>\n<strong>English Type:<\/strong>\u00a0British English<br \/>\n&#8212;&#8212;&#8212;&#8211;<\/p>\n<p>&#8212;&#8212;&#8212;-<br \/>\nContact us for any question:<\/p>\n<p>Email: hino09051986@gmail.com<br \/>\nTelegram: hino0905<\/p>\n<p>&nbsp;<\/p>\n","protected":false},"featured_media":1130,"comment_status":"open","ping_status":"closed","template":"","meta":[],"product_brand":[],"product_cat":[45,88],"product_tag":[],"class_list":{"0":"post-1124","1":"product","2":"type-product","3":"status-publish","4":"has-post-thumbnail","6":"product_cat-academic","7":"product_cat-macos","9":"first","10":"instock","11":"sale","12":"sold-individually","13":"shipping-taxable","14":"purchasable","15":"product-type-variable"},"_links":{"self":[{"href":"https:\/\/english0905.com\/privateshop\/wp-json\/wp\/v2\/product\/1124","targetHints":{"allow":["GET"]}}],"collection":[{"href":"https:\/\/english0905.com\/privateshop\/wp-json\/wp\/v2\/product"}],"about":[{"href":"https:\/\/english0905.com\/privateshop\/wp-json\/wp\/v2\/types\/product"}],"replies":[{"embeddable":true,"href":"https:\/\/english0905.com\/privateshop\/wp-json\/wp\/v2\/comments?post=1124"}],"wp:featuredmedia":[{"embeddable":true,"href":"https:\/\/english0905.com\/privateshop\/wp-json\/wp\/v2\/media\/1130"}],"wp:attachment":[{"href":"https:\/\/english0905.com\/privateshop\/wp-json\/wp\/v2\/media?parent=1124"}],"wp:term":[{"taxonomy":"product_brand","embeddable":true,"href":"https:\/\/english0905.com\/privateshop\/wp-json\/wp\/v2\/product_brand?post=1124"},{"taxonomy":"product_cat","embeddable":true,"href":"https:\/\/english0905.com\/privateshop\/wp-json\/wp\/v2\/product_cat?post=1124"},{"taxonomy":"product_tag","embeddable":true,"href":"https:\/\/english0905.com\/privateshop\/wp-json\/wp\/v2\/product_tag?post=1124"}],"curies":[{"name":"wp","href":"https:\/\/api.w.org\/{rel}","templated":true}]}}