{"id":671,"date":"2021-11-14T15:50:46","date_gmt":"2021-11-14T08:50:46","guid":{"rendered":"https:\/\/english0905.com\/?post_type=product&#038;p=671"},"modified":"2025-02-01T22:16:25","modified_gmt":"2025-02-01T15:16:25","slug":"kids-box-2nd-updated-ame-presentation-plus","status":"publish","type":"product","link":"https:\/\/english0905.com\/private\/product\/kids-box-2nd-updated-ame-presentation-plus\/","title":{"rendered":"Kid&#8217;s Box 2nd Updated (AmE) Presentation Plus (Windows version) + Resources"},"content":{"rendered":"<h2>Download Kid&#8217;s Box 2nd Updated (AmE) Presentation Plus (Windows version) + Resources<\/h2>\n<p>An update of the well-loved general English course for young learners &#8211; now fully in line with the revised\u00a0<em>Cambridge English: Young Learners<\/em>\u00a0tests offering an official test preparation.<\/p>\n<p><strong>Presentation Plus <\/strong>\u00a0is classroom presentation software that can be used with an <strong><em>interactive whiteboard<\/em><\/strong> or with a <strong><em>computer and a projector<\/em><\/strong>. It allows teachers to display the pages and conduct interactive activities from the Student&#8217;s Book. It is also possible to present the Workbook, play Class Audio and the Video Program, display scripts and answer keys, play classroom games, and print out the Teacher&#8217;s Edition pages, Video Resource Book activities and teaching notes. In addition, the tools in Presentation Plus allow teachers to zoom in, make notes on pages, and add custom links to other material.<\/p>\n<h1><\/h1>\n<h1>GI\u1edaI THI\u1ec6U GI\u00c1O TR\u00ccNH TI\u1ebeNG ANH TR\u1eba EM KID&#8217;S BOX<\/h1>\n<p>&nbsp;<\/p>\n<div>B\u1ed9 gi\u00e1o tr\u00ecnh\u00a0ti\u1ebfng Anh tr\u1ebb em\u00a0Kid\u2019s Box bao g\u1ed3m 6 cu\u1ed1n \u0111\u01b0\u1ee3c nh\u00e0 xu\u1ea5t b\u1ea3n \u0110\u1ea1i h\u1ecdc Cambridge bi\u00ean so\u1ea1n. B\u1ed9 s\u00e1ch n\u00e0y \u0111\u01b0\u1ee3c thi\u1ebft k\u1ebf \u0111\u1eb7c bi\u1ec7t nh\u1eb1m truy\u1ec1n c\u1ea3m h\u1ee9ng s\u00e1ng t\u1ea1o cho c\u1ea3 h\u1ecdc sinh v\u00e0 gi\u00e1o vi\u00ean trong vi\u1ec7c d\u1ea1y v\u00e0\u00a0h\u1ecdc ti\u1ebfng Anh cho tr\u1ebb em.<\/div>\n<div><\/div>\n<div><\/div>\n<div>\n<figure style=\"width: 583px\" class=\"wp-caption aligncenter\"><img data-recalc-dims=\"1\" loading=\"lazy\" decoding=\"async\" src=\"https:\/\/i0.wp.com\/yes.edu.vn\/images\/anh-bai-viet\/Gi%E1%BB%9Bi%20thi%E1%BB%87u%20gi%C3%A1o%20tr%C3%ACnh%20ti%E1%BA%BFng%20Anh%20tr%E1%BA%BB%20em%20Kid%27s%20Box.jpg?resize=583%2C345\" alt=\"Instant download Kid&#039;s Box 2nd Updated (AmE) Presentation Plus (Windows version) + Resources\" width=\"583\" height=\"345\" title=\"\"><figcaption class=\"wp-caption-text\">Download Kid&#8217;s Box 2nd Updated (AmE) Presentation Plus (Windows version) + Resources<\/figcaption><\/figure>\n<\/div>\n<div><\/div>\n<div><strong>B\u1ed9 Gi\u00e1o tr\u00ecnh\u00a0ti\u1ebfng Anh tr\u1ebb em\u00a0Kid&#8217;s Box 2nd Updated phi\u00ean b\u1ea3n American English<\/strong><\/div>\n<div>\n<div><strong>T\u00e1c gi\u1ea3: Caroline Nixon v\u00e0 Michael Tomlinson<\/strong><\/div>\n<div><strong>Nh\u00e0 xu\u1ea5t b\u1ea3n: Cambridge University Press, Anh<\/strong><\/div>\n<div><\/div>\n<div><\/div>\n<\/div>\n<div>Kid&#8217;s Box chia ra 6 tr\u00ecnh \u0111\u1ed9 d\u00e0nh cho c\u00e1c em. \u1ede m\u1ed7i m\u1ed9t tr\u00ecnh \u0111\u1ed9 \u0111\u1ec1u c\u00f3 2 cu\u1ed1n s\u00e1ch Kid\u2019s box classware v\u00e0 activities book b\u1ed5 tr\u1ee3 cho nhau, t\u1ea1o ra m\u00f4i tr\u01b0\u1eddng n\u00f3i ti\u1ebfng anh ho\u00e0n h\u1ea3o cho tr\u1ebb em. V\u1edbi Kid&#8217;s Box, v\u1ed1n t\u1eeb v\u1ef1ng quan tr\u1ecdng li\u00ean t\u1ee5c \u0111\u01b0\u1ee3c \u00f4n t\u1eadp v\u00e0 c\u1ee7ng c\u1ed1, gi\u00fap c\u00e1c b\u00e9 t\u1ea1o d\u1ef1ng s\u1ef1 t\u1ef1 tin, t\u1eadp trung v\u00e0o c\u00e1c ho\u1ea1t \u0111\u1ed9ng giao ti\u1ebfp nh\u1eb1m \u0111\u1ea3m b\u1ea3o tr\u1ebb em c\u00f3 th\u1ec3 s\u1eed d\u1ee5ng t\u1eeb v\u1ef1ng \u0111\u00e3 h\u1ecdc m\u1ed9t c\u00e1ch tho\u1ea3i m\u00e1i v\u00e0 kh\u00f4ng b\u1ecb \u00e1p l\u1ef1c.<\/div>\n","protected":false},"excerpt":{"rendered":"<p><span style=\"color: #008000;\"><em><strong>Instant Download<\/strong><\/em><\/span> Kid&#8217;s Box 2nd Updated \u00a0(<span style=\"color: #008000;\"><strong>AmE<\/strong><\/span>) <strong>Presentation Plus (Windows version)+Resources<\/strong><br \/>\n<strong>Publisher<\/strong>:\u00a0 Cambridge| <strong>Product type: <\/strong>Software for teaching.<br \/>\n<strong>Target audience<\/strong>: Primary (6-12 years old.)| <strong>English Type: <span style=\"color: #008000;\">American English<\/span><\/strong><br \/>\n<span style=\"color: #ff0000;\"><strong>Demo Kid Box Presentation Plus: <a href=\"https:\/\/drive.google.com\/drive\/folders\/1cuv3YGs62XaEc80wlUeyLxAhnc4O41vV?usp=drive_link\" target=\"_blank\" rel=\"noopener\">LINK<\/a>| <span style=\"color: #008000;\">If you need MacOS version, buy at:<\/span> <a href=\"https:\/\/english0905.com\/private\/product\/kids-box-2nd-updated-for-macos-ame-presentation-plus\/\" target=\"_blank\" rel=\"noopener\">LINK<\/a> | British English version: <a href=\"https:\/\/www.google.com\/url?client=internal-element-cse&amp;cx=918aaf19ed2e44d44&amp;q=https:\/\/english0905.com\/private\/product\/kids-box-2nd-updated-bre\/&amp;sa=U&amp;ved=2ahUKEwj_74nA16KLAxW6sFYBHa3fKZkQFnoECAQQAQ&amp;usg=AOvVaw0gz-3tHMdyH1Azww3GOlFR\" target=\"_blank\" rel=\"noopener\">Windows<\/a> ; <a href=\"https:\/\/english0905.com\/private\/product\/kids-box-2nd-updated-for-macos-ame-presentation-plus\/\" target=\"_blank\" rel=\"noopener\">MacOS<\/a><\/strong><\/span><\/p>\n","protected":false},"featured_media":705,"comment_status":"open","ping_status":"closed","template":"","meta":{"jetpack_publicize_message":"","jetpack_publicize_feature_enabled":true,"jetpack_social_post_already_shared":false,"jetpack_social_options":{"image_generator_settings":{"template":"highway","default_image_id":0,"font":"","enabled":false},"version":2}},"product_brand":[],"product_cat":[127,46,52,121],"product_tag":[],"class_list":{"0":"post-671","1":"product","2":"type-product","3":"status-publish","4":"has-post-thumbnail","6":"product_cat-instant-download","7":"product_cat-certificate","8":"product_cat-primary-6-9-y","9":"product_cat-cambri-dge","11":"first","12":"instock","13":"sale","14":"sold-individually","15":"purchasable","16":"product-type-variable"},"jetpack_publicize_connections":[],"jetpack-related-posts":[{"id":708,"url":"https:\/\/english0905.com\/private\/product\/kids-box-2nd-updated-for-macos-ame-presentation-plus\/","url_meta":{"origin":671,"position":0},"title":"Kid&#8217;s Box 2nd Updated (For MacOS) (AmE) Presentation Plus+Resources","author":"Hippo English","date":"14\/11\/2021","format":false,"excerpt":"Compatible : macOS| Details: https:\/\/english0905.com\/private\/help\/macos-and-compatibility-issues\/ Instant Download\u00a0Kid's Box 2nd Updated (For MacOS) (AmE) Presentation Plus+Resources Publisher:\u00a0 Cambridge|Product type: Software for teaching.|Target audience: Primary (6-12 years old.) English Type: American English Demo Kid Box Presentation Plus: LINK| If you need Window version, buy at: LINK | British English version: Windows ;\u2026","rel":"","context":"Similar post","block_context":{"text":"Similar post","link":""},"img":{"alt_text":"","src":"https:\/\/i0.wp.com\/english0905.com\/private\/wp-content\/uploads\/2021\/11\/Kid-box-AmE-Level-1-6-MACOS.png?fit=800%2C800&ssl=1&resize=350%2C200","width":350,"height":200,"srcset":"https:\/\/i0.wp.com\/english0905.com\/private\/wp-content\/uploads\/2021\/11\/Kid-box-AmE-Level-1-6-MACOS.png?fit=800%2C800&ssl=1&resize=350%2C200 1x, https:\/\/i0.wp.com\/english0905.com\/private\/wp-content\/uploads\/2021\/11\/Kid-box-AmE-Level-1-6-MACOS.png?fit=800%2C800&ssl=1&resize=525%2C300 1.5x, https:\/\/i0.wp.com\/english0905.com\/private\/wp-content\/uploads\/2021\/11\/Kid-box-AmE-Level-1-6-MACOS.png?fit=800%2C800&ssl=1&resize=700%2C400 2x"},"classes":[]},{"id":634,"url":"https:\/\/english0905.com\/private\/product\/kids-box-2nd-updated-bre\/","url_meta":{"origin":671,"position":1},"title":"Kid&#8217;s Box 2nd Updated (BrE) Presentation Plus (Windows version) +Resources : PDF, Audio, Test","author":"Hippo English","date":"14\/11\/2021","format":false,"excerpt":"Note: Test only for level 1- level 6 Instant download\u00a0Kid's Box 2nd Updated (BrE) Presentation Plus (Windows version)+Resources Publisher:\u00a0 Cambridge| Product type:\u00a0Software for teaching.| Target audience:\u00a0 Primary| CEFR:\u00a0 A1-A2 English Type:\u00a0British English Demo Kid Box Presentation Plus: LINK\u00a0 | If you need MacOS version, buy at: LINK | American version:\u2026","rel":"","context":"Similar post","block_context":{"text":"Similar post","link":""},"img":{"alt_text":"","src":"https:\/\/i0.wp.com\/english0905.com\/private\/wp-content\/uploads\/2021\/11\/Level-0-6-bre.png?fit=800%2C800&ssl=1&resize=350%2C200","width":350,"height":200,"srcset":"https:\/\/i0.wp.com\/english0905.com\/private\/wp-content\/uploads\/2021\/11\/Level-0-6-bre.png?fit=800%2C800&ssl=1&resize=350%2C200 1x, https:\/\/i0.wp.com\/english0905.com\/private\/wp-content\/uploads\/2021\/11\/Level-0-6-bre.png?fit=800%2C800&ssl=1&resize=525%2C300 1.5x, https:\/\/i0.wp.com\/english0905.com\/private\/wp-content\/uploads\/2021\/11\/Level-0-6-bre.png?fit=800%2C800&ssl=1&resize=700%2C400 2x"},"classes":[]},{"id":2286,"url":"https:\/\/english0905.com\/private\/product\/kids-box-2nd-updated-bre-presentation-plus-macos-versionresources\/","url_meta":{"origin":671,"position":2},"title":"Kid&#8217;s Box 2nd Updated (BrE) Presentation Plus (MacOS version)+Resources : PDF, Audio, Test","author":"Hippo English","date":"03\/01\/2022","format":false,"excerpt":"Compatible : macOS | Details: https:\/\/english0905.com\/private\/help\/macos-and-compatibility-issues\/ Note: Test only for level 1- level 6 Instant download: Kid's Box 2nd Updated (BrE) Presentation Plus (MacOS version)+Resources Publisher:\u00a0 Cambridge| Product type:\u00a0Software for teaching.|Target audience:\u00a0 Primary|CEFR:\u00a0 A1-A2 English Type:\u00a0British English Demo Kid Box Presentation Plus: LINK| If you need Windows version, buy at:\u2026","rel":"","context":"Similar post","block_context":{"text":"Similar post","link":""},"img":{"alt_text":"","src":"https:\/\/i0.wp.com\/english0905.com\/private\/wp-content\/uploads\/2021\/11\/Level-0-6-bre.png?fit=800%2C800&ssl=1&resize=350%2C200","width":350,"height":200,"srcset":"https:\/\/i0.wp.com\/english0905.com\/private\/wp-content\/uploads\/2021\/11\/Level-0-6-bre.png?fit=800%2C800&ssl=1&resize=350%2C200 1x, https:\/\/i0.wp.com\/english0905.com\/private\/wp-content\/uploads\/2021\/11\/Level-0-6-bre.png?fit=800%2C800&ssl=1&resize=525%2C300 1.5x, https:\/\/i0.wp.com\/english0905.com\/private\/wp-content\/uploads\/2021\/11\/Level-0-6-bre.png?fit=800%2C800&ssl=1&resize=700%2C400 2x"},"classes":[]},{"id":2600,"url":"https:\/\/english0905.com\/private\/product\/think-ame-presentation-plus-macos-version\/","url_meta":{"origin":671,"position":3},"title":"THINK (AmE)-  Presentation Plus (MacOS version)+PDF (SB,WB,TB++audio+video","author":"Hippo English","date":"21\/01\/2022","format":false,"excerpt":"Compatible : macOS ,Details: https:\/\/english0905.com\/private\/help\/macos-and-compatibility-issues\/ Product's name: THINK (AmE) Presentation Plus (Windows version) +PDF (SB,WB,TB++audio+video Publisher: Cambridge Product type: Software for teaching. Target audience: High School (12- 18 year) Level: A1-B2 ----------- American Think Challenge and inspire your teenage learners to think beyond language. Whether inside or outside the classroom,\u2026","rel":"","context":"Similar post","block_context":{"text":"Similar post","link":""},"img":{"alt_text":"THINK (AmE)- Presentation Plus (MacOS version)+PDF (SB,WB,TB++audio+video","src":"https:\/\/i0.wp.com\/english0905.com\/private\/wp-content\/uploads\/2021\/11\/think-AmE-e1642125059831.jpg?fit=800%2C572&ssl=1&resize=350%2C200","width":350,"height":200,"srcset":"https:\/\/i0.wp.com\/english0905.com\/private\/wp-content\/uploads\/2021\/11\/think-AmE-e1642125059831.jpg?fit=800%2C572&ssl=1&resize=350%2C200 1x, https:\/\/i0.wp.com\/english0905.com\/private\/wp-content\/uploads\/2021\/11\/think-AmE-e1642125059831.jpg?fit=800%2C572&ssl=1&resize=525%2C300 1.5x, https:\/\/i0.wp.com\/english0905.com\/private\/wp-content\/uploads\/2021\/11\/think-AmE-e1642125059831.jpg?fit=800%2C572&ssl=1&resize=700%2C400 2x"},"classes":[]},{"id":947,"url":"https:\/\/english0905.com\/private\/product\/level-up-bre-presentation-plus-6-levels-windows-version\/","url_meta":{"origin":671,"position":4},"title":"Level Up (AmE) Presentation plus + Test generator + Resource  (6 levels, Windows version)","author":"Hippo English","date":"20\/11\/2021","format":false,"excerpt":"------------ Product's name: Level Up (AmE) Presentation plus (6 levels, Windows version) Publisher: Cambridge Product type: Software for teaching. Target audience: Primary school\u00a0 (6-11 years old). CEFR: A1-B1 English Type: American English ----------- Much more than an English course, Level Up builds all the skills students need to face life,\u2026","rel":"","context":"Similar post","block_context":{"text":"Similar post","link":""},"img":{"alt_text":"","src":"https:\/\/i0.wp.com\/english0905.com\/private\/wp-content\/uploads\/2021\/11\/level-up-cover-win.jpg?fit=800%2C800&ssl=1&resize=350%2C200","width":350,"height":200,"srcset":"https:\/\/i0.wp.com\/english0905.com\/private\/wp-content\/uploads\/2021\/11\/level-up-cover-win.jpg?fit=800%2C800&ssl=1&resize=350%2C200 1x, https:\/\/i0.wp.com\/english0905.com\/private\/wp-content\/uploads\/2021\/11\/level-up-cover-win.jpg?fit=800%2C800&ssl=1&resize=525%2C300 1.5x, https:\/\/i0.wp.com\/english0905.com\/private\/wp-content\/uploads\/2021\/11\/level-up-cover-win.jpg?fit=800%2C800&ssl=1&resize=700%2C400 2x"},"classes":[]},{"id":1658,"url":"https:\/\/english0905.com\/private\/product\/primary-path-presentation-plus-windows-version-pdfs-audio-test-generator\/","url_meta":{"origin":671,"position":5},"title":"Primary Path &#8211; Presentation plus (Windows Version) + PDFs + Audio + Test generator","author":"Hippo English","date":"11\/12\/2021","format":false,"excerpt":"------------ Product's name: Primary Path (AmE) - Presentation plus (Windows Version) + PDFs + Audio +Test generator Publisher: Cambridge|Product type: Software for teaching. Target audience:\u00a0 Primary (6- 11 year)|CEFR: \u00a0A1-B2 English Type:\u00a0 American English ----------- Cambridge Primary Path Cambridge Primary Path is an English language and literacy course that will\u2026","rel":"","context":"Similar post","block_context":{"text":"Similar post","link":""},"img":{"alt_text":"","src":"https:\/\/i0.wp.com\/english0905.com\/private\/wp-content\/uploads\/2021\/12\/primary-path-win.jpg?fit=800%2C800&ssl=1&resize=350%2C200","width":350,"height":200,"srcset":"https:\/\/i0.wp.com\/english0905.com\/private\/wp-content\/uploads\/2021\/12\/primary-path-win.jpg?fit=800%2C800&ssl=1&resize=350%2C200 1x, https:\/\/i0.wp.com\/english0905.com\/private\/wp-content\/uploads\/2021\/12\/primary-path-win.jpg?fit=800%2C800&ssl=1&resize=525%2C300 1.5x, https:\/\/i0.wp.com\/english0905.com\/private\/wp-content\/uploads\/2021\/12\/primary-path-win.jpg?fit=800%2C800&ssl=1&resize=700%2C400 2x"},"classes":[]}],"jetpack_sharing_enabled":true,"_links":{"self":[{"href":"https:\/\/english0905.com\/private\/wp-json\/wp\/v2\/product\/671","targetHints":{"allow":["GET"]}}],"collection":[{"href":"https:\/\/english0905.com\/private\/wp-json\/wp\/v2\/product"}],"about":[{"href":"https:\/\/english0905.com\/private\/wp-json\/wp\/v2\/types\/product"}],"replies":[{"embeddable":true,"href":"https:\/\/english0905.com\/private\/wp-json\/wp\/v2\/comments?post=671"}],"wp:featuredmedia":[{"embeddable":true,"href":"https:\/\/english0905.com\/private\/wp-json\/wp\/v2\/media\/705"}],"wp:attachment":[{"href":"https:\/\/english0905.com\/private\/wp-json\/wp\/v2\/media?parent=671"}],"wp:term":[{"taxonomy":"product_brand","embeddable":true,"href":"https:\/\/english0905.com\/private\/wp-json\/wp\/v2\/product_brand?post=671"},{"taxonomy":"product_cat","embeddable":true,"href":"https:\/\/english0905.com\/private\/wp-json\/wp\/v2\/product_cat?post=671"},{"taxonomy":"product_tag","embeddable":true,"href":"https:\/\/english0905.com\/private\/wp-json\/wp\/v2\/product_tag?post=671"}],"curies":[{"name":"wp","href":"https:\/\/api.w.org\/{rel}","templated":true}]}}