{"id":2394,"date":"2022-01-11T17:46:12","date_gmt":"2022-01-11T10:46:12","guid":{"rendered":"https:\/\/english0905.com\/?post_type=product&#038;p=2394"},"modified":"2024-10-21T21:04:45","modified_gmt":"2024-10-21T14:04:45","slug":"show-and-tell-1st-itools-macos-version-pdf-audio","status":"publish","type":"product","link":"https:\/\/english0905.com\/private\/product\/show-and-tell-1st-itools-macos-version-pdf-audio\/","title":{"rendered":"Show and Tell 1st &#8211; Itools (MacOS version) +PDF +Audio"},"content":{"rendered":"<p class=\"p1\"><span style=\"color: #008000;\"><b>Compatible<\/b><\/span> : macOS |<span class=\"s1\">Details: <a href=\"https:\/\/english0905.com\/private\/help\/macos-and-compatibility-issues\/\"><span class=\"s2\">https:\/\/english0905.com\/private\/help\/macos-and-compatibility-issues\/<\/span><\/a><\/span><\/p>\n<p>&#8212;&#8212;<\/p>\n<p><span style=\"font-size: 24pt;\">Show and Tell 1st<\/span><\/p>\n<p>Publisher: Oxofrd.<br \/>\nProduct type: Software for teaching.<br \/>\nTarget audience: Children 3-5 years old.<br \/>\nLevel: Pre A1<\/p>\n<p>Show and Tell taps into children&#8217;s natural curiosity, asking a question such as who makes you happy&#8217; or what do our senses tell us&#8217; as the focus for each unit. Activities encourage children to explore the question while learning the language they need to think and talk about it. End-of-unit class projects consolidate learning and encourage children to work collaboratively. Opportunities to Show and Tell&#8217; allow them to present their projects in class or at home, and to talk about what they have learned &#8211; in English! Stories, hand-eye coordination practice and letter formation activities lead to reading and writing simple sentences. Problem-solving activities encourage<\/p>\n<p>DEMO: <a href=\"https:\/\/drive.google.com\/drive\/folders\/1CtiWcZ6f9wd9Wf4GfxIQJdbpYOEZUc83?usp=drive_link\" rel=\"nofollow noopener\" target=\"_blank\">LINK<\/a><\/p>\n<p>&nbsp;<\/p>\n<p>[VN]M\u1ed7i \u0111\u01a1n v\u1ecb b\u00e0i h\u1ecdc c\u1ee7a Show and Tell s\u1ebd bao g\u1ed3m nh\u1eefng n\u1ed9i dung sau:<\/p>\n<ul>\n<li><strong>Four skills<\/strong>\u00a0(B\u1ed1n k\u0129 n\u0103ng: Nghe-N\u00f3i- \u0110\u1ecdc \u2013Vi\u1ebft): T\u1eadp trung ban \u0111\u1ea7u s\u1ebd l\u00e0 k\u0129 n\u0103ng Nghe \u1edf c\u00e1c h\u00ecnh th\u1ee9c kh\u00e1c nhau, nghe t\u1eeb nh\u1eefng t\u1eeb \u0111\u01a1n gi\u1ea3n cho \u0111\u1ebfn c\u00e2u, r\u1ed3i c\u00e1c c\u00e2u chuy\u1ec7n, b\u00e0i h\u00e1t, \u0111i\u1ec1u n\u00e0y gi\u00fap s\u1edbm h\u00ecnh th\u00e0nh k\u0129 n\u0103ng N\u00f3i, tr\u1ebb c\u00f3 th\u1ec3 \u0111\u00f3ng vai, h\u1ed9i tho\u1ea1i \u0111\u01a1n gi\u1ea3n. K\u1ef9 n\u0103ng \u0111\u1ecdc v\u00e0 vi\u1ebft s\u1edbm \u0111\u01b0\u1ee3c ph\u00e1t tri\u1ec3n d\u1ea7n d\u1ea7n trong ch\u01b0\u01a1ng tr\u00ecnh h\u1ecdc bao g\u1ed3m c\u1ea3 ph\u00e1t \u00e2m.<\/li>\n<li><strong>CLIL<\/strong>\u00a0(H\u1ecdc t\u1eadp t\u00edch h\u1ee3p n\u1ed9i dung v\u00e0 ng\u00f4n ng\u1eef &#8211;\u00a0<strong>Content and Language Integrated Learning<\/strong>): M\u1ed7i \u0111\u01a1n v\u1ecb b\u00e0i h\u1ecdc \u0111\u01b0\u1ee3c d\u00e0nh \u0111\u1ec3 kh\u00e1m ph\u00e1 c\u00e1c ch\u1ee7 \u0111\u1ec1 kh\u00e1c nhau, m\u1ed9t s\u1ed1 th\u1eed nghi\u1ec7m \u0111\u01a1n gi\u1ea3n ho\u1eb7c c\u00e1c ho\u1ea1t \u0111\u1ed9ng li\u00ean quan.<\/li>\n<li><strong>Critical thinking\u00a0<\/strong>(T\u01b0 duy ph\u1ea3n bi\u1ec7n): H\u1ea7u h\u1ebft c\u00e1c ho\u1ea1t \u0111\u1ed9ng trong gi\u00e1o tr\u00ecnh \u0111\u1ec1u \u0111\u01b0\u1ee3c thi\u1ebft k\u1ebf gi\u00fap tr\u1ebb suy ngh\u0129 \u0111\u1eb7t c\u00e2u h\u1ecfi, \u0111\u01b0a \u00fd ki\u1ebfn, t\u00ecm ra gi\u1ea3i ph\u00e1p trong t\u00ecnh th\u1ebf ch\u1ee7 \u0111\u1ed9ng v\u00e0 t\u1ef1 tin.<\/li>\n<li><strong>Values\u00a0<\/strong>(C\u00e1c gi\u00e1 tr\u1ecb): N\u1ed9i dung b\u00e0i h\u1ecdc \u0111\u01b0\u1ee3c x\u00e2y d\u1ef1ng tr\u00ean b\u1ed1i c\u1ea3nh th\u1ef1c t\u1ebf v\u00e0 g\u1ea7n g\u0169i v\u1edbi tr\u1ebb nh\u1ecf. \u0110\u1ec3 c\u1ee7ng c\u1ed1 s\u1ef1 hi\u1ec3u bi\u1ebft v\u1ec1 c\u00e1c gi\u00e1 tr\u1ecb, c\u00e1c b\u00e0i h\u00e1t ng\u1eafn \u0111\u01b0\u1ee3c \u0111\u01b0a v\u00e0o c\u00f3 th\u1ec3 \u0111\u01b0\u1ee3c s\u1eed d\u1ee5ng trong c\u00e1c t\u00ecnh hu\u1ed1ng th\u1ef1c t\u1ebf trong l\u1edbp trong su\u1ed1t n\u0103m h\u1ecdc.<\/li>\n<li><strong>Cooperative work\u00a0<\/strong>(K\u0129 n\u0103ng h\u1ee3p t\u00e1c): Ph\u00e1t tri\u1ec3n k\u0129 n\u0103ng h\u1ee3p t\u00e1c l\u00e0 m\u1ed9t ph\u1ea7n quan tr\u1ecdng trong s\u1ef1 ph\u00e1t tri\u1ec3n c\u1ee7a tr\u1ebb nh\u1ecf. V\u00e0 c\u00e1c ho\u1ea1t \u0111\u1ed9ng tr\u00f2 ch\u01a1i trong gi\u00e1o tr\u00ecnh n\u00e0y gi\u00fap tr\u1ebb bi\u1ebft c\u00e1ch h\u1ee3p t\u00e1c v\u1edbi c\u00e1c tr\u1ebb kh\u00e1c.<\/li>\n<li><strong>Buiding awereness of the learning process<\/strong>\u00a0(X\u00e2y d\u1ef1ng nh\u1eadn th\u1ee9c v\u1ec1 qu\u00e1 tr\u00ecnh h\u1ecdc t\u1eadp): M\u1ed7i \u0111\u01a1n v\u1ecb b\u00e0i h\u1ecdc, tr\u1ebb s\u1ebd \u0111\u01b0\u1ee3c t\u1ea1o c\u01a1 h\u1ed9i \u0111\u1ec3 ph\u1ea3n \u00e1nh v\u1ec1 qu\u00e1 tr\u00ecnh h\u1ecdc t\u1eadp c\u1ee7a m\u00ecnh b\u1eb1ng c\u00e1c b\u00e0i t\u1eadp trong Activity Book.<\/li>\n<li><strong>Recycling\u00a0<\/strong>(Kh\u1ea3 n\u0103ng t\u00e1i t\u1ea1o): T\u1eeb v\u1ef1ng, c\u1ea5u tr\u00fac v\u00e0 c\u00e1c kh\u00e1i ni\u1ec7m chung \u0111\u01b0\u1ee3c x\u00e2y d\u1ef1ng v\u00e0 l\u1eb7p \u0111i l\u1eb7p l\u1ea1i trong m\u1ed7i \u0111\u01a1n v\u1ecb b\u00e0i h\u1ecdc.<\/li>\n<\/ul>\n<p><a href=\"https:\/\/elt.oup.com\/student\/showandtell\/\" rel=\"nofollow noopener\" target=\"_blank\">https:\/\/elt.oup.com\/student\/showandtell\/<\/a><\/p>\n","protected":false},"excerpt":{"rendered":"<p class=\"p1\"><span style=\"color: #008000;\"><b>Compatible<\/b><\/span> : macOS\u00a0<span class=\"s1\">Details: <a href=\"https:\/\/english0905.com\/private\/help\/macos-and-compatibility-issues\/\"><span class=\"s2\">https:\/\/english0905.com\/private\/help\/macos-and-compatibility-issues\/<\/span><\/a><\/span><\/p>\n<p><span style=\"font-size: 24pt;\">Show and Tell 1st Itools(MacOS version) +PDF +Audio<\/span><\/p>\n<p>&#8212;&#8212;&#8212;&#8212;&#8211;<br \/>\nPublisher: Oxford.| Product type: Software for teaching.<br \/>\nTarget audience: Children 3-5 years old.|Level: Pre A1<\/p>\n<p>Show and Tell taps into children&#8217;s natural curiosity, asking a question such as who makes you happy&#8217; or what do our senses tell us&#8217; as the focus for each unit.<\/p>\n<p><span style=\"color: #ff0000;\"><strong>Sample Presentation tool<\/strong><\/span>: :<a href=\"https:\/\/drive.google.com\/drive\/folders\/1CtiWcZ6f9wd9Wf4GfxIQJdbpYOEZUc83?usp=drive_link\">LINK<\/a><\/p>\n","protected":false},"featured_media":821,"comment_status":"open","ping_status":"closed","template":"","meta":{"jetpack_publicize_message":"","jetpack_publicize_feature_enabled":true,"jetpack_social_post_already_shared":false,"jetpack_social_options":{"image_generator_settings":{"template":"highway","default_image_id":0,"font":"","enabled":false},"version":2}},"product_brand":[],"product_cat":[88,21,125],"product_tag":[],"class_list":{"0":"post-2394","1":"product","2":"type-product","3":"status-publish","4":"has-post-thumbnail","6":"product_cat-macos","7":"product_cat-preschool-3-5-years","8":"product_cat-oxford","10":"first","11":"instock","12":"sale","13":"sold-individually","14":"shipping-taxable","15":"purchasable","16":"product-type-variable"},"jetpack_publicize_connections":[],"jetpack-related-posts":[{"id":820,"url":"https:\/\/english0905.com\/private\/product\/show-and-tell-1st-itools_win\/","url_meta":{"origin":2394,"position":0},"title":"Show and Tell 1st &#8211; Itools (window version) +PDF +Audio","author":"Hippo English","date":"15\/11\/2021","format":false,"excerpt":"Show and Tell 1st Itools(window version) +PDF +Audio -------------- Publisher: Oxford.|Product type: Software for teaching. Target audience: Children 3-5 years old.|Level: Pre A1 Sample Presentation tool: :LINK","rel":"","context":"Similar post","block_context":{"text":"Similar post","link":""},"img":{"alt_text":"","src":"https:\/\/i0.wp.com\/english0905.com\/private\/wp-content\/uploads\/2021\/11\/showandtell-cover.jpg?fit=800%2C800&ssl=1&resize=350%2C200","width":350,"height":200,"srcset":"https:\/\/i0.wp.com\/english0905.com\/private\/wp-content\/uploads\/2021\/11\/showandtell-cover.jpg?fit=800%2C800&ssl=1&resize=350%2C200 1x, https:\/\/i0.wp.com\/english0905.com\/private\/wp-content\/uploads\/2021\/11\/showandtell-cover.jpg?fit=800%2C800&ssl=1&resize=525%2C300 1.5x, https:\/\/i0.wp.com\/english0905.com\/private\/wp-content\/uploads\/2021\/11\/showandtell-cover.jpg?fit=800%2C800&ssl=1&resize=700%2C400 2x"},"classes":[]},{"id":21195,"url":"https:\/\/english0905.com\/private\/product\/show-and-tell-second-edition\/","url_meta":{"origin":2394,"position":1},"title":"Download PDF, audio, video, resources: Show and Tell Second Edition","author":"Hippo English","date":"16\/11\/2025","format":false,"excerpt":"(Instant Download): Show and Tell Second Edition ( Student book PDF high quality , Activity Book PDF high quality, Audio , Videos,\u00a0 Teacher Guide PDF, Parent guide PDF,Finger puppets ) Sample PDF: LINK | NOTE: Now we have Audio, Videos, PDF in high quality","rel":"","context":"Similar post","block_context":{"text":"Similar post","link":""},"img":{"alt_text":"Download PDF: Show and Tell Second Edition","src":"https:\/\/i0.wp.com\/english0905.com\/private\/wp-content\/uploads\/2025\/09\/Show-and-tell-2nd.jpg?fit=1200%2C873&ssl=1&resize=350%2C200","width":350,"height":200,"srcset":"https:\/\/i0.wp.com\/english0905.com\/private\/wp-content\/uploads\/2025\/09\/Show-and-tell-2nd.jpg?fit=1200%2C873&ssl=1&resize=350%2C200 1x, https:\/\/i0.wp.com\/english0905.com\/private\/wp-content\/uploads\/2025\/09\/Show-and-tell-2nd.jpg?fit=1200%2C873&ssl=1&resize=525%2C300 1.5x, https:\/\/i0.wp.com\/english0905.com\/private\/wp-content\/uploads\/2025\/09\/Show-and-tell-2nd.jpg?fit=1200%2C873&ssl=1&resize=700%2C400 2x, https:\/\/i0.wp.com\/english0905.com\/private\/wp-content\/uploads\/2025\/09\/Show-and-tell-2nd.jpg?fit=1200%2C873&ssl=1&resize=1050%2C600 3x"},"classes":[]},{"id":833,"url":"https:\/\/english0905.com\/private\/product\/cambridge-little-steps-ame-presentation-plus-macos-version-3-levels\/","url_meta":{"origin":2394,"position":2},"title":"Cambridge Little Steps (AmE) Presentation Plus (MacOS version) +PDFs","author":"Hippo English","date":"16\/11\/2021","format":false,"excerpt":"Compatible : macOS 10.13 High Sierra; macOS 10.14 Mojave; macOS Catalina: 10.15.4 or greater (10.15.3 and bellow may have problem); macOS 11 Big Sur;\u00a0macOS 12 Monterey ;MacBook M1 support (May need remote online support.) Details: https:\/\/english0905.com\/private\/help\/macos-and-compatibility-issues\/ Product's name: Cambridge Little Steps - Presentation Plus (MacOs Version) Publisher: Cambridge Product type:\u00a0\u2026","rel":"","context":"Similar post","block_context":{"text":"Similar post","link":""},"img":{"alt_text":"","src":"https:\/\/i0.wp.com\/english0905.com\/private\/wp-content\/uploads\/2021\/11\/Little-Steps-cover-mac.jpg?fit=800%2C800&ssl=1&resize=350%2C200","width":350,"height":200,"srcset":"https:\/\/i0.wp.com\/english0905.com\/private\/wp-content\/uploads\/2021\/11\/Little-Steps-cover-mac.jpg?fit=800%2C800&ssl=1&resize=350%2C200 1x, https:\/\/i0.wp.com\/english0905.com\/private\/wp-content\/uploads\/2021\/11\/Little-Steps-cover-mac.jpg?fit=800%2C800&ssl=1&resize=525%2C300 1.5x, https:\/\/i0.wp.com\/english0905.com\/private\/wp-content\/uploads\/2021\/11\/Little-Steps-cover-mac.jpg?fit=800%2C800&ssl=1&resize=700%2C400 2x"},"classes":[]},{"id":3264,"url":"https:\/\/english0905.com\/private\/product\/happy-heart-iwb-interactive-whiteboard-mac-version_-sbtb-flash-card-audio-song\/","url_meta":{"origin":2394,"position":3},"title":"Happy Heart -IWB interactive whiteboard (MacOS version)_ SB,TB,AB, Flash card, Audio, song","author":"Hippo English","date":"06\/04\/2022","format":false,"excerpt":"Compatible\u00a0: macOS 10.13 High Sierra; macOS 10.14 Mojave; macOS Catalina: 10.15.4 or greater (10.15.3 and bellow may have problem); macOS 11 Big Sur;\u00a0macOS 12 Monterey ;MacBook M1 support (May need remote online support.) Details:\u00a0https:\/\/english0905.com\/private\/help\/macos-and-compatibility-issues\/ NOTE: I only have Level 1, 2.\u00a0 Level Stater only have PDF, Audio (free pdf audio\u2026","rel":"","context":"Similar post","block_context":{"text":"Similar post","link":""},"img":{"alt_text":"","src":"https:\/\/i0.wp.com\/english0905.com\/private\/wp-content\/uploads\/2021\/11\/happyheart.jpg?fit=800%2C800&ssl=1&resize=350%2C200","width":350,"height":200,"srcset":"https:\/\/i0.wp.com\/english0905.com\/private\/wp-content\/uploads\/2021\/11\/happyheart.jpg?fit=800%2C800&ssl=1&resize=350%2C200 1x, https:\/\/i0.wp.com\/english0905.com\/private\/wp-content\/uploads\/2021\/11\/happyheart.jpg?fit=800%2C800&ssl=1&resize=525%2C300 1.5x, https:\/\/i0.wp.com\/english0905.com\/private\/wp-content\/uploads\/2021\/11\/happyheart.jpg?fit=800%2C800&ssl=1&resize=700%2C400 2x"},"classes":[]},{"id":18206,"url":"https:\/\/english0905.com\/private\/product\/boost-up\/","url_meta":{"origin":2394,"position":4},"title":"Download Boost Up: PDF, PPT, Test, Answer Key, audio, interactive book, resources","author":"Hippo English","date":"16\/07\/2025","format":false,"excerpt":"Instant Download Boost Up: PDF ( Student book PDF, Workbook PDF), PPT (PowerPoint Presentation ), Test, Answer Key, audio, interactive CD for WINDOWS (Student book only) , resources (worklist, Flash Card...) Sample PDF, resources, PPT, IWB: LINK PPT ( PowerPoint Presentation ) only for Student book:\u00a0Sold separately IWB \u2013 Interactive\u2026","rel":"","context":"Similar post","block_context":{"text":"Similar post","link":""},"img":{"alt_text":"Download Boost Up: PDF, PPT, Test, Answer Key, audio, interactive book, resources","src":"https:\/\/i0.wp.com\/english0905.com\/private\/wp-content\/uploads\/2025\/07\/Bost-Up-download-PDF-.jpg?fit=582%2C625&ssl=1&resize=350%2C200","width":350,"height":200,"srcset":"https:\/\/i0.wp.com\/english0905.com\/private\/wp-content\/uploads\/2025\/07\/Bost-Up-download-PDF-.jpg?fit=582%2C625&ssl=1&resize=350%2C200 1x, https:\/\/i0.wp.com\/english0905.com\/private\/wp-content\/uploads\/2025\/07\/Bost-Up-download-PDF-.jpg?fit=582%2C625&ssl=1&resize=525%2C300 1.5x"},"classes":[]},{"id":1630,"url":"https:\/\/english0905.com\/private\/product\/look-and-see-ame-classroom-presentation-tools-macos-version-pdfs\/","url_meta":{"origin":2394,"position":5},"title":"Look and See  (AmE) Classroom Presentation tools (MacOS version) +PDFs","author":"Hippo English","date":"11\/12\/2021","format":false,"excerpt":"Compatible : macOS 10.13 High Sierra; macOS 10.14 Mojave; macOS Catalina: 10.15.4 or greater (10.15.3 and bellow may have problem); macOS 11 Big Sur;\u00a0macOS 12 Monterey ;MacBook M1 support (May need remote online support.) Details: https:\/\/english0905.com\/private\/help\/macos-and-compatibility-issues\/ ------ Look and See (AmE) Classroom Presentation tools (MacOS version) +PDFs LOOK AND SEE\u2026","rel":"","context":"Similar post","block_context":{"text":"Similar post","link":""},"img":{"alt_text":"","src":"https:\/\/i0.wp.com\/english0905.com\/private\/wp-content\/uploads\/2021\/12\/look-and-see-Classroom-Presentation-tool-macos.jpg?fit=800%2C800&ssl=1&resize=350%2C200","width":350,"height":200,"srcset":"https:\/\/i0.wp.com\/english0905.com\/private\/wp-content\/uploads\/2021\/12\/look-and-see-Classroom-Presentation-tool-macos.jpg?fit=800%2C800&ssl=1&resize=350%2C200 1x, https:\/\/i0.wp.com\/english0905.com\/private\/wp-content\/uploads\/2021\/12\/look-and-see-Classroom-Presentation-tool-macos.jpg?fit=800%2C800&ssl=1&resize=525%2C300 1.5x, https:\/\/i0.wp.com\/english0905.com\/private\/wp-content\/uploads\/2021\/12\/look-and-see-Classroom-Presentation-tool-macos.jpg?fit=800%2C800&ssl=1&resize=700%2C400 2x"},"classes":[]}],"jetpack_sharing_enabled":true,"_links":{"self":[{"href":"https:\/\/english0905.com\/private\/wp-json\/wp\/v2\/product\/2394","targetHints":{"allow":["GET"]}}],"collection":[{"href":"https:\/\/english0905.com\/private\/wp-json\/wp\/v2\/product"}],"about":[{"href":"https:\/\/english0905.com\/private\/wp-json\/wp\/v2\/types\/product"}],"replies":[{"embeddable":true,"href":"https:\/\/english0905.com\/private\/wp-json\/wp\/v2\/comments?post=2394"}],"wp:featuredmedia":[{"embeddable":true,"href":"https:\/\/english0905.com\/private\/wp-json\/wp\/v2\/media\/821"}],"wp:attachment":[{"href":"https:\/\/english0905.com\/private\/wp-json\/wp\/v2\/media?parent=2394"}],"wp:term":[{"taxonomy":"product_brand","embeddable":true,"href":"https:\/\/english0905.com\/private\/wp-json\/wp\/v2\/product_brand?post=2394"},{"taxonomy":"product_cat","embeddable":true,"href":"https:\/\/english0905.com\/private\/wp-json\/wp\/v2\/product_cat?post=2394"},{"taxonomy":"product_tag","embeddable":true,"href":"https:\/\/english0905.com\/private\/wp-json\/wp\/v2\/product_tag?post=2394"}],"curies":[{"name":"wp","href":"https:\/\/api.w.org\/{rel}","templated":true}]}}