{"id":2183,"date":"2021-12-27T23:06:19","date_gmt":"2021-12-27T16:06:19","guid":{"rendered":"https:\/\/english0905.com\/?post_type=product&#038;p=2183"},"modified":"2024-10-21T18:45:19","modified_gmt":"2024-10-21T11:45:19","slug":"lets-go-4th-itools-windows-version","status":"publish","type":"product","link":"https:\/\/english0905.com\/private\/product\/lets-go-4th-itools-windows-version\/","title":{"rendered":"Let&#8217;s go 4th &#8211; Itools (Windows version) + PDF (SB)"},"content":{"rendered":"<p>&nbsp;<\/p>\n<p class=\"catalogueEntry_shortDescription\">Success from the very beginning<\/p>\n<p>Millions of children around the world have learned to speak English through the trusted methodology of\u00a0<em>Let\u2019s Go<\/em>.<\/p>\n<div class=\"catalogueEntry_overview\">\n<p>Maximise children\u2019s talking time in class through dialogues, pair work and communicative games. This combined with the rhythm and melody of the acclaimed Carolyn Graham songs makes the language memorable.<\/p>\n<ul class=\"list\">\n<li>Conversations and question-and-answer practice get children talking from the very beginning<\/li>\n<li>Interactive songs and chants by Carolyn Graham bring classrooms to life<\/li>\n<li>NEW Supported by\u00a0&#8216;Let&#8217;s Chant, Let&#8217;s Sing: Greatest Hits&#8217; CD\u00a0with additional worksheets<\/li>\n<li>Phonics and reading lessons help children to read fluently. Fun phonics chants and drum tracks improve pronunciation and intonation<\/li>\n<li>Communication games give children many more opportunities to use English with confidence<\/li>\n<li>Test Center CD-ROM includes placement tests, Cambridge YLE practice tests, and print-ready and editable unit, mid-term, and final tests<\/li>\n<li>Bring language learning alive with Online Practice, an interactive homework system, that you can assign and track<\/li>\n<\/ul>\n<p>&nbsp;<\/p>\n<\/div>\n","protected":false},"excerpt":{"rendered":"<p><em>[VN] Kh\u00e1ch h\u00e0ng Vi\u1ec7t Nam mua th\u00f4ng qua chuy\u1ec3n kho\u1ea3n hay MoMo (VN\u0110) li\u00ean h\u1ec7 \u0111\u1ec3 c\u00f3 th\u00f4ng tin thanh to\u00e1n chi ti\u1ebft.\u00a0<\/em><\/p>\n<p>&#8212;&#8212;&#8212;&#8212;<\/p>\n<p><strong>Product&#8217;s name<\/strong>: Let&#8217;s go 4th &#8211; Itools (Windows version) + PDF (student books)<br \/>\n<strong>Publisher<\/strong>:\u00a0 Oxford<br \/>\n<strong>Product type: <\/strong>Software\u00a0 for teaching.<br \/>\n<strong>Target audience<\/strong>: Primary<br \/>\n<strong>CEFR:<\/strong> <strong>\u00a0<\/strong><br \/>\n<strong>English Type:<\/strong> British English<br \/>\n&#8212;&#8212;&#8212;&#8211;<\/p>\n<p>&#8212;&#8212;&#8212;-<br \/>\nContact us for any question:<br \/>\nViber\/WhatsApp: +<br \/>\nEmail: hino09051986@gmail.com<br \/>\nTelegram: hino0905<\/p>\n","protected":false},"featured_media":2184,"comment_status":"open","ping_status":"closed","template":"","meta":{"jetpack_publicize_message":"","jetpack_publicize_feature_enabled":true,"jetpack_social_post_already_shared":false,"jetpack_social_options":{"image_generator_settings":{"template":"highway","default_image_id":0,"font":"","enabled":false},"version":2}},"product_brand":[],"product_cat":[52,125],"product_tag":[],"class_list":{"0":"post-2183","1":"product","2":"type-product","3":"status-publish","4":"has-post-thumbnail","6":"product_cat-primary-6-9-y","7":"product_cat-oxford","9":"first","10":"instock","11":"sale","12":"sold-individually","13":"shipping-taxable","14":"purchasable","15":"product-type-variable"},"jetpack_publicize_connections":[],"jetpack-related-posts":[{"id":2359,"url":"https:\/\/english0905.com\/private\/product\/lets-go-4th-itools-macos-version-pdf-sb\/","url_meta":{"origin":2183,"position":0},"title":"Let&#8217;s go 4th &#8211; Itools (MacOS version) + PDF (SB)","author":"Hippo English","date":"11\/01\/2022","format":false,"excerpt":"Compatible : macOS 10.13 High Sierra; macOS 10.14 Mojave; macOS Catalina: 10.15.4 or greater (10.15.3 and bellow may have problem); macOS 11 Big Sur;\u00a0macOS 12 Monterey ;MacBook M1 support (May need remote online support.) Details: https:\/\/english0905.com\/private\/help\/macos-and-compatibility-issues\/ ------ Product's name: Let's go 4th - Itools (MacOS version) + PDF (student books)\u2026","rel":"","context":"Similar post","block_context":{"text":"Similar post","link":""},"img":{"alt_text":"","src":"https:\/\/i0.wp.com\/english0905.com\/private\/wp-content\/uploads\/2021\/12\/Classroom-Presentation-tool-Let-go-e1641863958483.jpg?fit=720%2C658&ssl=1&resize=350%2C200","width":350,"height":200,"srcset":"https:\/\/i0.wp.com\/english0905.com\/private\/wp-content\/uploads\/2021\/12\/Classroom-Presentation-tool-Let-go-e1641863958483.jpg?fit=720%2C658&ssl=1&resize=350%2C200 1x, https:\/\/i0.wp.com\/english0905.com\/private\/wp-content\/uploads\/2021\/12\/Classroom-Presentation-tool-Let-go-e1641863958483.jpg?fit=720%2C658&ssl=1&resize=525%2C300 1.5x, https:\/\/i0.wp.com\/english0905.com\/private\/wp-content\/uploads\/2021\/12\/Classroom-Presentation-tool-Let-go-e1641863958483.jpg?fit=720%2C658&ssl=1&resize=700%2C400 2x"},"classes":[]},{"id":18986,"url":"https:\/\/english0905.com\/private\/product\/little-phonics\/","url_meta":{"origin":2183,"position":1},"title":"Download Little Phonics: High quality PDF, audio, test, answer key, Flash card","author":"Hippo English","date":"03\/08\/2025","format":false,"excerpt":"(Instant Download) Little Phonics: High quality PDF ( Student book PDF), audio, test, answer key, Flash card Sample PDF: LINK Online interactive: Only online interactive book, NO PDF, NO RESOURCES","rel":"","context":"Similar post","block_context":{"text":"Similar post","link":""},"img":{"alt_text":"(Instant Download) Little Phonics: High quality PDF ( Student book PDF), audio, test, answer key, Flash card","src":"https:\/\/i0.wp.com\/english0905.com\/private\/wp-content\/uploads\/2025\/08\/Little-Phonics.jpg?fit=479%2C601&ssl=1&resize=350%2C200","width":350,"height":200},"classes":[]},{"id":18126,"url":"https:\/\/english0905.com\/private\/product\/open-up\/","url_meta":{"origin":2183,"position":2},"title":"Download Open Up: high quality PDF, audio, PPT, Answer Key, Flashcards, Test, resources","author":"Hippo English","date":"14\/07\/2025","format":false,"excerpt":"Instant Download Open Up: high quality PDF, audio, PPT, Answer Key, Flashcards, Test, Lesson Plan, Syllabus, Word List, IWB - Interactive CD Sample PDF, resources list, PPT, IWB: LINK PPT ( PowerPoint Presentation ) only for Student book: Sold separately IWB \u2013 Interactive CD (for WINDOW only):\u00a0Sold separately","rel":"","context":"Similar post","block_context":{"text":"Similar post","link":""},"img":{"alt_text":"Instant Download Open Up: high quality PDF, audio, PPT, Answer Key, Flashcards, Test, Lesson Plan, Syllabus, Word List","src":"https:\/\/i0.wp.com\/english0905.com\/private\/wp-content\/uploads\/2025\/07\/Open-Up-.jpg?fit=1017%2C730&ssl=1&resize=350%2C200","width":350,"height":200,"srcset":"https:\/\/i0.wp.com\/english0905.com\/private\/wp-content\/uploads\/2025\/07\/Open-Up-.jpg?fit=1017%2C730&ssl=1&resize=350%2C200 1x, https:\/\/i0.wp.com\/english0905.com\/private\/wp-content\/uploads\/2025\/07\/Open-Up-.jpg?fit=1017%2C730&ssl=1&resize=525%2C300 1.5x, https:\/\/i0.wp.com\/english0905.com\/private\/wp-content\/uploads\/2025\/07\/Open-Up-.jpg?fit=1017%2C730&ssl=1&resize=700%2C400 2x"},"classes":[]},{"id":15944,"url":"https:\/\/english0905.com\/private\/product\/best-phonics\/","url_meta":{"origin":2183,"position":3},"title":"Download Best Phonics PDF, Audio, test, Answer key, worksheet, PPT, IWB","author":"Hippo English","date":"06\/05\/2025","format":false,"excerpt":"Instant Download Best Phonics PDF, Audio, test, Answer key, worksheet, PPT, IWB Sample PDF, resources : LINK | Note: PDF, PPT, IWB and online interactive products sold separately|\u00a0 IWB (INTERACTIVE WHITE BOARD Tool) for WINDOWS; PPT ( PowerPoint Presentation tool); PDF resources: Student book PDF, Workbook PDF, Reader PDF, Audio,\u2026","rel":"","context":"Similar post","block_context":{"text":"Similar post","link":""},"img":{"alt_text":"Download Best Phonics PDF, Audio, test, Answer key, worksheet, PPT, IWB","src":"https:\/\/i0.wp.com\/english0905.com\/private\/wp-content\/uploads\/2025\/05\/Best-Phonic-full-5-levels.jpg?fit=1100%2C1200&ssl=1&resize=350%2C200","width":350,"height":200,"srcset":"https:\/\/i0.wp.com\/english0905.com\/private\/wp-content\/uploads\/2025\/05\/Best-Phonic-full-5-levels.jpg?fit=1100%2C1200&ssl=1&resize=350%2C200 1x, https:\/\/i0.wp.com\/english0905.com\/private\/wp-content\/uploads\/2025\/05\/Best-Phonic-full-5-levels.jpg?fit=1100%2C1200&ssl=1&resize=525%2C300 1.5x, https:\/\/i0.wp.com\/english0905.com\/private\/wp-content\/uploads\/2025\/05\/Best-Phonic-full-5-levels.jpg?fit=1100%2C1200&ssl=1&resize=700%2C400 2x, https:\/\/i0.wp.com\/english0905.com\/private\/wp-content\/uploads\/2025\/05\/Best-Phonic-full-5-levels.jpg?fit=1100%2C1200&ssl=1&resize=1050%2C600 3x"},"classes":[]},{"id":11277,"url":"https:\/\/english0905.com\/private\/product\/splash-kindergarten\/","url_meta":{"origin":2183,"position":4},"title":"(Instant Download)\u00a0Splash! Kindergarten Coursebook PDF (High quality), Audio, Test, Answer key, Worksheet, Word list, Flash card, Coloring pages","author":"Hippo English","date":"11\/11\/2024","format":false,"excerpt":"(Instant Download)\u00a0 Splash! Kindergarten Coursebook PDF (High quality), Audio, Test (Final test, Midterm test, Unit test), Answer key, Worksheet (Phonics, Maths, Writing), Word list, Flash card, Coloring pages Sample PDF, resources list: LINK | Sampple online interactive book: LINK | Pre A1 |(Instant Download)\u00a0 for PDF and resources Note: No\u2026","rel":"","context":"Similar post","block_context":{"text":"Similar post","link":""},"img":{"alt_text":"Download\u00a0 Splash! Kindergarten Coursebook PDF (High quality), Audio, Test (Final test, Midterm test, Unit test), Answer key, Worksheet (Phonics, Maths, Writing), Word list, Flash card, Coloring pages","src":"https:\/\/i0.wp.com\/english0905.com\/private\/wp-content\/uploads\/2024\/11\/Splash-download-PDF.jpeg?fit=772%2C785&ssl=1&resize=350%2C200","width":350,"height":200,"srcset":"https:\/\/i0.wp.com\/english0905.com\/private\/wp-content\/uploads\/2024\/11\/Splash-download-PDF.jpeg?fit=772%2C785&ssl=1&resize=350%2C200 1x, https:\/\/i0.wp.com\/english0905.com\/private\/wp-content\/uploads\/2024\/11\/Splash-download-PDF.jpeg?fit=772%2C785&ssl=1&resize=525%2C300 1.5x, https:\/\/i0.wp.com\/english0905.com\/private\/wp-content\/uploads\/2024\/11\/Splash-download-PDF.jpeg?fit=772%2C785&ssl=1&resize=700%2C400 2x"},"classes":[]},{"id":24665,"url":"https:\/\/english0905.com\/private\/product\/bricks-phonics\/","url_meta":{"origin":2183,"position":5},"title":"Download Bricks Phonics: High quality PDF, audio, test, answer keys, resources","author":"Hippo English","date":"27\/02\/2026","format":false,"excerpt":"(Instant Download) Bricks Phonics: High quality PDF (Student book PDF, Workbook PDF) , audio, test, answer keys, resources (Flash card, Lesson plan, Word list, Worksheet, Sound Chant, Midterm test, Unit Test, Final test, Cut and Paste, Coloring, Activity Guide..) Sample PDF, resources list: LINK | Note: Bricks Phonics online interactive\u2026","rel":"","context":"Similar post","block_context":{"text":"Similar post","link":""},"img":{"alt_text":"Download Bricks Phonics: High quality PDF, audio, test, answer keys, resources","src":"https:\/\/i0.wp.com\/english0905.com\/private\/wp-content\/uploads\/2026\/02\/Brick-phonics-.jpg?fit=800%2C800&ssl=1&resize=350%2C200","width":350,"height":200,"srcset":"https:\/\/i0.wp.com\/english0905.com\/private\/wp-content\/uploads\/2026\/02\/Brick-phonics-.jpg?fit=800%2C800&ssl=1&resize=350%2C200 1x, https:\/\/i0.wp.com\/english0905.com\/private\/wp-content\/uploads\/2026\/02\/Brick-phonics-.jpg?fit=800%2C800&ssl=1&resize=525%2C300 1.5x, https:\/\/i0.wp.com\/english0905.com\/private\/wp-content\/uploads\/2026\/02\/Brick-phonics-.jpg?fit=800%2C800&ssl=1&resize=700%2C400 2x"},"classes":[]}],"jetpack_sharing_enabled":true,"_links":{"self":[{"href":"https:\/\/english0905.com\/private\/wp-json\/wp\/v2\/product\/2183","targetHints":{"allow":["GET"]}}],"collection":[{"href":"https:\/\/english0905.com\/private\/wp-json\/wp\/v2\/product"}],"about":[{"href":"https:\/\/english0905.com\/private\/wp-json\/wp\/v2\/types\/product"}],"replies":[{"embeddable":true,"href":"https:\/\/english0905.com\/private\/wp-json\/wp\/v2\/comments?post=2183"}],"wp:featuredmedia":[{"embeddable":true,"href":"https:\/\/english0905.com\/private\/wp-json\/wp\/v2\/media\/2184"}],"wp:attachment":[{"href":"https:\/\/english0905.com\/private\/wp-json\/wp\/v2\/media?parent=2183"}],"wp:term":[{"taxonomy":"product_brand","embeddable":true,"href":"https:\/\/english0905.com\/private\/wp-json\/wp\/v2\/product_brand?post=2183"},{"taxonomy":"product_cat","embeddable":true,"href":"https:\/\/english0905.com\/private\/wp-json\/wp\/v2\/product_cat?post=2183"},{"taxonomy":"product_tag","embeddable":true,"href":"https:\/\/english0905.com\/private\/wp-json\/wp\/v2\/product_tag?post=2183"}],"curies":[{"name":"wp","href":"https:\/\/api.w.org\/{rel}","templated":true}]}}